{"id":527,"date":"2025-07-03T15:25:15","date_gmt":"2025-07-03T20:25:15","guid":{"rendered":"https:\/\/pavagerobillard.com\/merci\/"},"modified":"2026-03-21T13:09:18","modified_gmt":"2026-03-21T18:09:18","slug":"thank-you","status":"publish","type":"page","link":"https:\/\/pavagerobillard.com\/en\/thank-you\/","title":{"rendered":"Thank you"},"content":{"rendered":"\t\t<div data-elementor-type=\"wp-page\" data-elementor-id=\"527\" class=\"elementor elementor-527 elementor-525\">\n\t\t\t\t<div class=\"elementor-element elementor-element-7ae4a343 e-flex e-con-boxed e-con e-parent\" data-id=\"7ae4a343\" data-element_type=\"container\" data-e-type=\"container\" data-settings=\"{&quot;background_background&quot;:&quot;classic&quot;,&quot;shape_divider_bottom&quot;:&quot;tilt&quot;}\">\n\t\t\t\t\t<div class=\"e-con-inner\">\n\t\t\t\t<div class=\"elementor-shape elementor-shape-bottom\" aria-hidden=\"true\" data-negative=\"false\">\n\t\t\t<svg xmlns=\"http:\/\/www.w3.org\/2000\/svg\" viewBox=\"0 0 1000 100\" preserveAspectRatio=\"none\">\n\t<path class=\"elementor-shape-fill\" d=\"M0,6V0h1000v100L0,6z\"\/>\n<\/svg>\t\t<\/div>\n\t\t<div class=\"elementor-element elementor-element-75b18fbd e-con-full e-flex e-con e-child\" data-id=\"75b18fbd\" data-element_type=\"container\" data-e-type=\"container\">\n\t\t\t\t<div class=\"elementor-element elementor-element-5d772986 elementor-widget elementor-widget-image\" data-id=\"5d772986\" data-element_type=\"widget\" data-e-type=\"widget\" data-widget_type=\"image.default\">\n\t\t\t\t<div class=\"elementor-widget-container\">\n\t\t\t\t\t\t\t\t\t\t\t\t<figure class=\"wp-caption\">\n\t\t\t\t\t\t\t\t\t\t<img fetchpriority=\"high\" decoding=\"async\" width=\"2000\" height=\"1124\" src=\"https:\/\/pavagerobillard.com\/wp-content\/uploads\/2025\/04\/P1136243.webp\" class=\"attachment-full size-full wp-image-408\" alt=\"\" srcset=\"https:\/\/pavagerobillard.com\/wp-content\/uploads\/2025\/04\/P1136243.webp 2000w, https:\/\/pavagerobillard.com\/wp-content\/uploads\/2025\/04\/P1136243-300x169.webp 300w, https:\/\/pavagerobillard.com\/wp-content\/uploads\/2025\/04\/P1136243-1024x575.webp 1024w, https:\/\/pavagerobillard.com\/wp-content\/uploads\/2025\/04\/P1136243-768x432.webp 768w, https:\/\/pavagerobillard.com\/wp-content\/uploads\/2025\/04\/P1136243-1536x863.webp 1536w\" sizes=\"(max-width: 2000px) 100vw, 2000px\" \/>\t\t\t\t\t\t\t\t\t\t\t<figcaption class=\"widget-image-caption wp-caption-text\">Richard Robillard, propri\u00e9taire depuis 1995<\/figcaption>\n\t\t\t\t\t\t\t\t\t\t<\/figure>\n\t\t\t\t\t\t\t\t\t<\/div>\n\t\t\t\t<\/div>\n\t\t\t\t<\/div>\n\t\t<div class=\"elementor-element elementor-element-5b92719f e-con-full e-flex e-con e-child\" data-id=\"5b92719f\" data-element_type=\"container\" data-e-type=\"container\">\n\t\t\t\t<div class=\"elementor-element elementor-element-e6a94a elementor-widget elementor-widget-text-editor\" data-id=\"e6a94a\" data-element_type=\"widget\" data-e-type=\"widget\" data-widget_type=\"text-editor.default\">\n\t\t\t\t<div class=\"elementor-widget-container\">\n\t\t\t\t\t\t\t\t\t<p><strong>Thank you for your quote request!<\/strong><\/p>\n<p>We believe that every client deserves personalized service tailored to their needs and budget.<br data-start=\"302\" data-end=\"305\" \/>That\u2019s why we take the time to carefully assess each project in order to recommend the best possible solutions\u2014whether it\u2019s for a private residence, a business, or a municipal project.<br data-start=\"489\" data-end=\"492\" \/>A member of our team will be in touch with you shortly to discuss your needs in more detail.<\/p>\t\t\t\t\t\t\t\t<\/div>\n\t\t\t\t<\/div>\n\t\t\t\t<\/div>\n\t\t\t\t\t<\/div>\n\t\t\t\t<\/div>\n\t\t\t\t<\/div>\n\t\t","protected":false},"excerpt":{"rendered":"<p>Richard Robillard, propri\u00e9taire depuis 1995 Thank you for your quote request! We believe that every client deserves personalized service tailored [&hellip;]<\/p>\n","protected":false},"author":1,"featured_media":0,"parent":0,"menu_order":0,"comment_status":"closed","ping_status":"closed","template":"","meta":{"_uag_custom_page_level_css":"","site-sidebar-layout":"no-sidebar","site-content-layout":"","ast-site-content-layout":"full-width-container","site-content-style":"default","site-sidebar-style":"default","ast-global-header-display":"","ast-banner-title-visibility":"","ast-main-header-display":"","ast-hfb-above-header-display":"","ast-hfb-below-header-display":"","ast-hfb-mobile-header-display":"","site-post-title":"disabled","ast-breadcrumbs-content":"","ast-featured-img":"disabled","footer-sml-layout":"","ast-disable-related-posts":"","theme-transparent-header-meta":"","adv-header-id-meta":"","stick-header-meta":"","header-above-stick-meta":"","header-main-stick-meta":"","header-below-stick-meta":"","astra-migrate-meta-layouts":"default","ast-page-background-enabled":"default","ast-page-background-meta":{"desktop":{"background-color":"var(--ast-global-color-5)","background-image":"","background-repeat":"repeat","background-position":"center center","background-size":"auto","background-attachment":"scroll","background-type":"","background-media":"","overlay-type":"","overlay-color":"","overlay-opacity":"","overlay-gradient":""},"tablet":{"background-color":"","background-image":"","background-repeat":"repeat","background-position":"center center","background-size":"auto","background-attachment":"scroll","background-type":"","background-media":"","overlay-type":"","overlay-color":"","overlay-opacity":"","overlay-gradient":""},"mobile":{"background-color":"","background-image":"","background-repeat":"repeat","background-position":"center center","background-size":"auto","background-attachment":"scroll","background-type":"","background-media":"","overlay-type":"","overlay-color":"","overlay-opacity":"","overlay-gradient":""}},"ast-content-background-meta":{"desktop":{"background-color":"var(--ast-global-color-4)","background-image":"","background-repeat":"repeat","background-position":"center center","background-size":"auto","background-attachment":"scroll","background-type":"","background-media":"","overlay-type":"","overlay-color":"","overlay-opacity":"","overlay-gradient":""},"tablet":{"background-color":"var(--ast-global-color-4)","background-image":"","background-repeat":"repeat","background-position":"center center","background-size":"auto","background-attachment":"scroll","background-type":"","background-media":"","overlay-type":"","overlay-color":"","overlay-opacity":"","overlay-gradient":""},"mobile":{"background-color":"var(--ast-global-color-4)","background-image":"","background-repeat":"repeat","background-position":"center center","background-size":"auto","background-attachment":"scroll","background-type":"","background-media":"","overlay-type":"","overlay-color":"","overlay-opacity":"","overlay-gradient":""}},"footnotes":""},"class_list":["post-527","page","type-page","status-publish","hentry"],"yoast_head":"<!-- This site is optimized with the Yoast SEO Premium plugin v27.4 (Yoast SEO v27.4) - https:\/\/yoast.com\/product\/yoast-seo-premium-wordpress\/ -->\n<title>Thank You Page | Pavage Robillard Confirmation<\/title>\n<meta name=\"description\" content=\"Thank you for contacting Pavage Robillard. We\u2019ll be in touch shortly to discuss your paving or snow removal needs.\" \/>\n<meta name=\"robots\" content=\"noindex, follow\" \/>\n<meta property=\"og:locale\" content=\"en_US\" \/>\n<meta property=\"og:type\" content=\"article\" \/>\n<meta property=\"og:title\" content=\"Thank you\" \/>\n<meta property=\"og:description\" content=\"Thank you for contacting Pavage Robillard. We\u2019ll be in touch shortly to discuss your paving or snow removal needs.\" \/>\n<meta property=\"og:url\" content=\"https:\/\/pavagerobillard.com\/en\/thank-you\/\" \/>\n<meta property=\"og:site_name\" content=\"Pavage Robillard\" \/>\n<meta property=\"article:publisher\" content=\"https:\/\/www.facebook.com\/profile.php?id=100063689314747\" \/>\n<meta property=\"article:modified_time\" content=\"2026-03-21T18:09:18+00:00\" \/>\n<meta property=\"og:image\" content=\"https:\/\/pavagerobillard.com\/wp-content\/uploads\/2025\/04\/P1136243.webp\" \/>\n<meta name=\"twitter:card\" content=\"summary_large_image\" \/>\n<meta name=\"twitter:label1\" content=\"Est. reading time\" \/>\n\t<meta name=\"twitter:data1\" content=\"1 minute\" \/>\n<script type=\"application\/ld+json\" class=\"yoast-schema-graph\">{\"@context\":\"https:\\\/\\\/schema.org\",\"@graph\":[{\"@type\":\"WebPage\",\"@id\":\"https:\\\/\\\/pavagerobillard.com\\\/en\\\/thank-you\\\/\",\"url\":\"https:\\\/\\\/pavagerobillard.com\\\/en\\\/thank-you\\\/\",\"name\":\"Thank You Page | Pavage Robillard Confirmation\",\"isPartOf\":{\"@id\":\"https:\\\/\\\/pavagerobillard.com\\\/en\\\/#website\"},\"primaryImageOfPage\":{\"@id\":\"https:\\\/\\\/pavagerobillard.com\\\/en\\\/thank-you\\\/#primaryimage\"},\"image\":{\"@id\":\"https:\\\/\\\/pavagerobillard.com\\\/en\\\/thank-you\\\/#primaryimage\"},\"thumbnailUrl\":\"https:\\\/\\\/pavagerobillard.com\\\/wp-content\\\/uploads\\\/2025\\\/04\\\/P1136243.webp\",\"datePublished\":\"2025-07-03T20:25:15+00:00\",\"dateModified\":\"2026-03-21T18:09:18+00:00\",\"description\":\"Thank you for contacting Pavage Robillard. We\u2019ll be in touch shortly to discuss your paving or snow removal needs.\",\"breadcrumb\":{\"@id\":\"https:\\\/\\\/pavagerobillard.com\\\/en\\\/thank-you\\\/#breadcrumb\"},\"inLanguage\":\"en-US\",\"potentialAction\":[{\"@type\":\"ReadAction\",\"target\":[\"https:\\\/\\\/pavagerobillard.com\\\/en\\\/thank-you\\\/\"]}]},{\"@type\":\"ImageObject\",\"inLanguage\":\"en-US\",\"@id\":\"https:\\\/\\\/pavagerobillard.com\\\/en\\\/thank-you\\\/#primaryimage\",\"url\":\"https:\\\/\\\/pavagerobillard.com\\\/wp-content\\\/uploads\\\/2025\\\/04\\\/P1136243.webp\",\"contentUrl\":\"https:\\\/\\\/pavagerobillard.com\\\/wp-content\\\/uploads\\\/2025\\\/04\\\/P1136243.webp\"},{\"@type\":\"BreadcrumbList\",\"@id\":\"https:\\\/\\\/pavagerobillard.com\\\/en\\\/thank-you\\\/#breadcrumb\",\"itemListElement\":[{\"@type\":\"ListItem\",\"position\":1,\"name\":\"Home\",\"item\":\"https:\\\/\\\/pavagerobillard.com\\\/en\\\/\"},{\"@type\":\"ListItem\",\"position\":2,\"name\":\"Thank you\"}]},{\"@type\":\"WebSite\",\"@id\":\"https:\\\/\\\/pavagerobillard.com\\\/en\\\/#website\",\"url\":\"https:\\\/\\\/pavagerobillard.com\\\/en\\\/\",\"name\":\"Pavage Robillard\",\"description\":\"Asphalte, Pav\u00e9 Uni et D\u00e9neigement \u00e0 Gatineau\",\"publisher\":{\"@id\":\"https:\\\/\\\/pavagerobillard.com\\\/en\\\/#organization\"},\"potentialAction\":[{\"@type\":\"SearchAction\",\"target\":{\"@type\":\"EntryPoint\",\"urlTemplate\":\"https:\\\/\\\/pavagerobillard.com\\\/en\\\/?s={search_term_string}\"},\"query-input\":{\"@type\":\"PropertyValueSpecification\",\"valueRequired\":true,\"valueName\":\"search_term_string\"}}],\"inLanguage\":\"en-US\"},{\"@type\":\"Organization\",\"@id\":\"https:\\\/\\\/pavagerobillard.com\\\/en\\\/#organization\",\"name\":\"Pavage Robillard\",\"url\":\"https:\\\/\\\/pavagerobillard.com\\\/en\\\/\",\"logo\":{\"@type\":\"ImageObject\",\"inLanguage\":\"en-US\",\"@id\":\"https:\\\/\\\/pavagerobillard.com\\\/en\\\/#\\\/schema\\\/logo\\\/image\\\/\",\"url\":\"https:\\\/\\\/pavagerobillard.com\\\/wp-content\\\/uploads\\\/2025\\\/05\\\/Pavage-Robiilard-Sans-nom-Logo.png\",\"contentUrl\":\"https:\\\/\\\/pavagerobillard.com\\\/wp-content\\\/uploads\\\/2025\\\/05\\\/Pavage-Robiilard-Sans-nom-Logo.png\",\"width\":1200,\"height\":1200,\"caption\":\"Pavage Robillard\"},\"image\":{\"@id\":\"https:\\\/\\\/pavagerobillard.com\\\/en\\\/#\\\/schema\\\/logo\\\/image\\\/\"},\"sameAs\":[\"https:\\\/\\\/www.facebook.com\\\/profile.php?id=100063689314747\"]}]}<\/script>\n<!-- \/ Yoast SEO Premium plugin. -->","yoast_head_json":{"title":"Thank You Page | Pavage Robillard Confirmation","description":"Thank you for contacting Pavage Robillard. We\u2019ll be in touch shortly to discuss your paving or snow removal needs.","robots":{"index":"noindex","follow":"follow"},"og_locale":"en_US","og_type":"article","og_title":"Thank you","og_description":"Thank you for contacting Pavage Robillard. We\u2019ll be in touch shortly to discuss your paving or snow removal needs.","og_url":"https:\/\/pavagerobillard.com\/en\/thank-you\/","og_site_name":"Pavage Robillard","article_publisher":"https:\/\/www.facebook.com\/profile.php?id=100063689314747","article_modified_time":"2026-03-21T18:09:18+00:00","og_image":[{"url":"https:\/\/pavagerobillard.com\/wp-content\/uploads\/2025\/04\/P1136243.webp","type":"","width":"","height":""}],"twitter_card":"summary_large_image","twitter_misc":{"Est. reading time":"1 minute"},"schema":{"@context":"https:\/\/schema.org","@graph":[{"@type":"WebPage","@id":"https:\/\/pavagerobillard.com\/en\/thank-you\/","url":"https:\/\/pavagerobillard.com\/en\/thank-you\/","name":"Thank You Page | Pavage Robillard Confirmation","isPartOf":{"@id":"https:\/\/pavagerobillard.com\/en\/#website"},"primaryImageOfPage":{"@id":"https:\/\/pavagerobillard.com\/en\/thank-you\/#primaryimage"},"image":{"@id":"https:\/\/pavagerobillard.com\/en\/thank-you\/#primaryimage"},"thumbnailUrl":"https:\/\/pavagerobillard.com\/wp-content\/uploads\/2025\/04\/P1136243.webp","datePublished":"2025-07-03T20:25:15+00:00","dateModified":"2026-03-21T18:09:18+00:00","description":"Thank you for contacting Pavage Robillard. We\u2019ll be in touch shortly to discuss your paving or snow removal needs.","breadcrumb":{"@id":"https:\/\/pavagerobillard.com\/en\/thank-you\/#breadcrumb"},"inLanguage":"en-US","potentialAction":[{"@type":"ReadAction","target":["https:\/\/pavagerobillard.com\/en\/thank-you\/"]}]},{"@type":"ImageObject","inLanguage":"en-US","@id":"https:\/\/pavagerobillard.com\/en\/thank-you\/#primaryimage","url":"https:\/\/pavagerobillard.com\/wp-content\/uploads\/2025\/04\/P1136243.webp","contentUrl":"https:\/\/pavagerobillard.com\/wp-content\/uploads\/2025\/04\/P1136243.webp"},{"@type":"BreadcrumbList","@id":"https:\/\/pavagerobillard.com\/en\/thank-you\/#breadcrumb","itemListElement":[{"@type":"ListItem","position":1,"name":"Home","item":"https:\/\/pavagerobillard.com\/en\/"},{"@type":"ListItem","position":2,"name":"Thank you"}]},{"@type":"WebSite","@id":"https:\/\/pavagerobillard.com\/en\/#website","url":"https:\/\/pavagerobillard.com\/en\/","name":"Pavage Robillard","description":"Asphalte, Pav\u00e9 Uni et D\u00e9neigement \u00e0 Gatineau","publisher":{"@id":"https:\/\/pavagerobillard.com\/en\/#organization"},"potentialAction":[{"@type":"SearchAction","target":{"@type":"EntryPoint","urlTemplate":"https:\/\/pavagerobillard.com\/en\/?s={search_term_string}"},"query-input":{"@type":"PropertyValueSpecification","valueRequired":true,"valueName":"search_term_string"}}],"inLanguage":"en-US"},{"@type":"Organization","@id":"https:\/\/pavagerobillard.com\/en\/#organization","name":"Pavage Robillard","url":"https:\/\/pavagerobillard.com\/en\/","logo":{"@type":"ImageObject","inLanguage":"en-US","@id":"https:\/\/pavagerobillard.com\/en\/#\/schema\/logo\/image\/","url":"https:\/\/pavagerobillard.com\/wp-content\/uploads\/2025\/05\/Pavage-Robiilard-Sans-nom-Logo.png","contentUrl":"https:\/\/pavagerobillard.com\/wp-content\/uploads\/2025\/05\/Pavage-Robiilard-Sans-nom-Logo.png","width":1200,"height":1200,"caption":"Pavage Robillard"},"image":{"@id":"https:\/\/pavagerobillard.com\/en\/#\/schema\/logo\/image\/"},"sameAs":["https:\/\/www.facebook.com\/profile.php?id=100063689314747"]}]}},"uagb_featured_image_src":{"full":false,"thumbnail":false,"medium":false,"medium_large":false,"large":false,"1536x1536":false,"2048x2048":false,"gform-image-choice-sm":false,"gform-image-choice-md":false,"gform-image-choice-lg":false},"uagb_author_info":{"display_name":"pavagerobilstg","author_link":"https:\/\/pavagerobillard.com\/en\/author\/pavagerobilstg\/"},"uagb_comment_info":0,"uagb_excerpt":"Richard Robillard, propri\u00e9taire depuis 1995 Thank you for your quote request! We believe that every client deserves personalized service tailored [&hellip;]","_links":{"self":[{"href":"https:\/\/pavagerobillard.com\/en\/wp-json\/wp\/v2\/pages\/527","targetHints":{"allow":["GET"]}}],"collection":[{"href":"https:\/\/pavagerobillard.com\/en\/wp-json\/wp\/v2\/pages"}],"about":[{"href":"https:\/\/pavagerobillard.com\/en\/wp-json\/wp\/v2\/types\/page"}],"author":[{"embeddable":true,"href":"https:\/\/pavagerobillard.com\/en\/wp-json\/wp\/v2\/users\/1"}],"replies":[{"embeddable":true,"href":"https:\/\/pavagerobillard.com\/en\/wp-json\/wp\/v2\/comments?post=527"}],"version-history":[{"count":0,"href":"https:\/\/pavagerobillard.com\/en\/wp-json\/wp\/v2\/pages\/527\/revisions"}],"wp:attachment":[{"href":"https:\/\/pavagerobillard.com\/en\/wp-json\/wp\/v2\/media?parent=527"}],"curies":[{"name":"wp","href":"https:\/\/api.w.org\/{rel}","templated":true}]}}