{"id":461,"date":"2025-03-13T13:04:37","date_gmt":"2025-03-13T18:04:37","guid":{"rendered":"https:\/\/pavagerobillard.com\/snow-removal-reliable-service-for-a-worry-free-winter\/"},"modified":"2026-03-21T13:10:09","modified_gmt":"2026-03-21T18:10:09","slug":"snow-removal","status":"publish","type":"page","link":"https:\/\/pavagerobillard.com\/en\/snow-removal\/","title":{"rendered":"Snow Removal: Reliable Service for a Worry-Free Winter"},"content":{"rendered":"\t\t<div data-elementor-type=\"wp-page\" data-elementor-id=\"461\" class=\"elementor elementor-461 elementor-66\">\n\t\t\t\t<div class=\"elementor-element elementor-element-4e70b97c e-flex e-con-boxed e-con e-parent\" data-id=\"4e70b97c\" data-element_type=\"container\" data-e-type=\"container\" data-settings=\"{&quot;background_background&quot;:&quot;classic&quot;,&quot;shape_divider_top&quot;:&quot;tilt&quot;,&quot;shape_divider_bottom&quot;:&quot;tilt&quot;}\">\n\t\t\t\t\t<div class=\"e-con-inner\">\n\t\t\t\t<div class=\"elementor-shape elementor-shape-top\" aria-hidden=\"true\" data-negative=\"false\">\n\t\t\t<svg xmlns=\"http:\/\/www.w3.org\/2000\/svg\" viewBox=\"0 0 1000 100\" preserveAspectRatio=\"none\">\n\t<path class=\"elementor-shape-fill\" d=\"M0,6V0h1000v100L0,6z\"\/>\n<\/svg>\t\t<\/div>\n\t\t\t\t<div class=\"elementor-shape elementor-shape-bottom\" aria-hidden=\"true\" data-negative=\"false\">\n\t\t\t<svg xmlns=\"http:\/\/www.w3.org\/2000\/svg\" viewBox=\"0 0 1000 100\" preserveAspectRatio=\"none\">\n\t<path class=\"elementor-shape-fill\" d=\"M0,6V0h1000v100L0,6z\"\/>\n<\/svg>\t\t<\/div>\n\t\t\t\t<div class=\"elementor-element elementor-element-2407597b elementor-widget elementor-widget-text-editor\" data-id=\"2407597b\" data-element_type=\"widget\" data-e-type=\"widget\" data-widget_type=\"text-editor.default\">\n\t\t\t\t<div class=\"elementor-widget-container\">\n\t\t\t\t\t\t\t\t\t<p>Gatineau winters can be harsh, and snow management is essential to ensure the safety and accessibility of your spaces. Our company offers fast, efficient <strong>commercial and multi-unit snow removal<\/strong> services, adapted to the most demanding winter conditions.<\/p>\t\t\t\t\t\t\t\t<\/div>\n\t\t\t\t<\/div>\n\t\t\t\t\t<\/div>\n\t\t\t\t<\/div>\n\t\t<div class=\"elementor-element elementor-element-5b33cb51 e-flex e-con-boxed e-con e-parent\" data-id=\"5b33cb51\" data-element_type=\"container\" data-e-type=\"container\" data-settings=\"{&quot;background_background&quot;:&quot;classic&quot;,&quot;shape_divider_bottom&quot;:&quot;tilt&quot;}\">\n\t\t\t\t\t<div class=\"e-con-inner\">\n\t\t\t\t<div class=\"elementor-shape elementor-shape-bottom\" aria-hidden=\"true\" data-negative=\"false\">\n\t\t\t<svg xmlns=\"http:\/\/www.w3.org\/2000\/svg\" viewBox=\"0 0 1000 100\" preserveAspectRatio=\"none\">\n\t<path class=\"elementor-shape-fill\" d=\"M0,6V0h1000v100L0,6z\"\/>\n<\/svg>\t\t<\/div>\n\t\t<div class=\"elementor-element elementor-element-63d0c595 e-con-full e-flex e-con e-child\" data-id=\"63d0c595\" data-element_type=\"container\" data-e-type=\"container\">\n\t\t\t\t<div class=\"elementor-element elementor-element-4354142e elementor-widget elementor-widget-image\" data-id=\"4354142e\" data-element_type=\"widget\" data-e-type=\"widget\" data-widget_type=\"image.default\">\n\t\t\t\t<div class=\"elementor-widget-container\">\n\t\t\t\t\t\t\t\t\t\t\t\t\t\t\t<img fetchpriority=\"high\" decoding=\"async\" width=\"1920\" height=\"896\" src=\"https:\/\/pavagerobillard.com\/wp-content\/uploads\/2025\/04\/kenny-eliason-rpJv24l7ipQ-unsplash-e1744408248654.jpg\" class=\"attachment-full size-full wp-image-359\" alt=\"\" srcset=\"https:\/\/pavagerobillard.com\/wp-content\/uploads\/2025\/04\/kenny-eliason-rpJv24l7ipQ-unsplash-e1744408248654.jpg 1920w, https:\/\/pavagerobillard.com\/wp-content\/uploads\/2025\/04\/kenny-eliason-rpJv24l7ipQ-unsplash-e1744408248654-300x140.jpg 300w, https:\/\/pavagerobillard.com\/wp-content\/uploads\/2025\/04\/kenny-eliason-rpJv24l7ipQ-unsplash-e1744408248654-1024x478.jpg 1024w, https:\/\/pavagerobillard.com\/wp-content\/uploads\/2025\/04\/kenny-eliason-rpJv24l7ipQ-unsplash-e1744408248654-768x358.jpg 768w, https:\/\/pavagerobillard.com\/wp-content\/uploads\/2025\/04\/kenny-eliason-rpJv24l7ipQ-unsplash-e1744408248654-1536x717.jpg 1536w\" sizes=\"(max-width: 1920px) 100vw, 1920px\" \/>\t\t\t\t\t\t\t\t\t\t\t\t\t\t\t<\/div>\n\t\t\t\t<\/div>\n\t\t\t\t<\/div>\n\t\t<div class=\"elementor-element elementor-element-626f8e73 e-con-full e-flex e-con e-child\" data-id=\"626f8e73\" data-element_type=\"container\" data-e-type=\"container\">\n\t\t\t\t<div class=\"elementor-element elementor-element-aa341aa elementor-widget elementor-widget-text-editor\" data-id=\"aa341aa\" data-element_type=\"widget\" data-e-type=\"widget\" data-widget_type=\"text-editor.default\">\n\t\t\t\t<div class=\"elementor-widget-container\">\n\t\t\t\t\t\t\t\t\t<p>We have the equipment needed to clear the way efficiently:<\/p><ul><li><strong>Commercial parking lots<\/strong><\/li><li><strong>Entrances and driveways of multi-unit residential buildings<\/strong><\/li><li><strong>Sidewalks and access roads<\/strong><\/li><\/ul>\t\t\t\t\t\t\t\t<\/div>\n\t\t\t\t<\/div>\n\t\t\t\t<\/div>\n\t\t\t\t\t<\/div>\n\t\t\t\t<\/div>\n\t\t<div class=\"elementor-element elementor-element-1bbed043 e-flex e-con-boxed e-con e-parent\" data-id=\"1bbed043\" data-element_type=\"container\" data-e-type=\"container\" data-settings=\"{&quot;background_background&quot;:&quot;classic&quot;}\">\n\t\t\t\t\t<div class=\"e-con-inner\">\n\t\t<div class=\"elementor-element elementor-element-44b6697e e-con-full e-flex e-con e-child\" data-id=\"44b6697e\" data-element_type=\"container\" data-e-type=\"container\">\n\t\t\t\t<div class=\"elementor-element elementor-element-7c963ef3 elementor-widget elementor-widget-text-editor\" data-id=\"7c963ef3\" data-element_type=\"widget\" data-e-type=\"widget\" data-widget_type=\"text-editor.default\">\n\t\t\t\t<div class=\"elementor-widget-container\">\n\t\t\t\t\t\t\t\t\t<h3><strong>Why choose our snow removal service?<\/strong><\/h3><ul><li><strong>Quick, effective action<\/strong> after every snowfall<\/li><li><strong>Modern equipment<\/strong> for optimum performance<\/li><li><strong>Preventing dangerous build-ups<\/strong> for user safety<\/li><li><strong>Reliable, consistent service<\/strong> throughout the winter season<\/li><\/ul><p>Don&#8217;t let snow complicate your daily life! Trust our team for hassle-free snow removal and clear surfaces every time.<\/p>\t\t\t\t\t\t\t\t<\/div>\n\t\t\t\t<\/div>\n\t\t\t\t<\/div>\n\t\t<div class=\"elementor-element elementor-element-116d97b1 e-con-full e-flex e-con e-child\" data-id=\"116d97b1\" data-element_type=\"container\" data-e-type=\"container\">\n\t\t\t\t<div class=\"elementor-element elementor-element-6c403ca elementor-widget elementor-widget-image\" data-id=\"6c403ca\" data-element_type=\"widget\" data-e-type=\"widget\" data-widget_type=\"image.default\">\n\t\t\t\t<div class=\"elementor-widget-container\">\n\t\t\t\t\t\t\t\t\t\t\t\t\t\t\t<img decoding=\"async\" width=\"640\" height=\"427\" src=\"https:\/\/pavagerobillard.com\/wp-content\/uploads\/2025\/03\/franz-roos-BQCEQdxyMns-unsplash.jpg\" class=\"attachment-full size-full wp-image-341\" alt=\"\" srcset=\"https:\/\/pavagerobillard.com\/wp-content\/uploads\/2025\/03\/franz-roos-BQCEQdxyMns-unsplash.jpg 640w, https:\/\/pavagerobillard.com\/wp-content\/uploads\/2025\/03\/franz-roos-BQCEQdxyMns-unsplash-300x200.jpg 300w\" sizes=\"(max-width: 640px) 100vw, 640px\" \/>\t\t\t\t\t\t\t\t\t\t\t\t\t\t\t<\/div>\n\t\t\t\t<\/div>\n\t\t\t\t<\/div>\n\t\t\t\t\t<\/div>\n\t\t\t\t<\/div>\n\t\t\t\t<\/div>\n\t\t","protected":false},"excerpt":{"rendered":"<p>Gatineau winters can be harsh, and snow management is essential to ensure the safety and accessibility of your spaces. Our [&hellip;]<\/p>\n","protected":false},"author":2,"featured_media":0,"parent":0,"menu_order":0,"comment_status":"closed","ping_status":"closed","template":"","meta":{"_uag_custom_page_level_css":"","site-sidebar-layout":"no-sidebar","site-content-layout":"","ast-site-content-layout":"full-width-container","site-content-style":"default","site-sidebar-style":"default","ast-global-header-display":"","ast-banner-title-visibility":"","ast-main-header-display":"","ast-hfb-above-header-display":"","ast-hfb-below-header-display":"","ast-hfb-mobile-header-display":"","site-post-title":"disabled","ast-breadcrumbs-content":"","ast-featured-img":"disabled","footer-sml-layout":"","ast-disable-related-posts":"","theme-transparent-header-meta":"","adv-header-id-meta":"","stick-header-meta":"","header-above-stick-meta":"","header-main-stick-meta":"","header-below-stick-meta":"","astra-migrate-meta-layouts":"default","ast-page-background-enabled":"default","ast-page-background-meta":{"desktop":{"background-color":"var(--ast-global-color-5)","background-image":"","background-repeat":"repeat","background-position":"center center","background-size":"auto","background-attachment":"scroll","background-type":"","background-media":"","overlay-type":"","overlay-color":"","overlay-opacity":"","overlay-gradient":""},"tablet":{"background-color":"","background-image":"","background-repeat":"repeat","background-position":"center center","background-size":"auto","background-attachment":"scroll","background-type":"","background-media":"","overlay-type":"","overlay-color":"","overlay-opacity":"","overlay-gradient":""},"mobile":{"background-color":"","background-image":"","background-repeat":"repeat","background-position":"center center","background-size":"auto","background-attachment":"scroll","background-type":"","background-media":"","overlay-type":"","overlay-color":"","overlay-opacity":"","overlay-gradient":""}},"ast-content-background-meta":{"desktop":{"background-color":"var(--ast-global-color-4)","background-image":"","background-repeat":"repeat","background-position":"center center","background-size":"auto","background-attachment":"scroll","background-type":"","background-media":"","overlay-type":"","overlay-color":"","overlay-opacity":"","overlay-gradient":""},"tablet":{"background-color":"var(--ast-global-color-4)","background-image":"","background-repeat":"repeat","background-position":"center center","background-size":"auto","background-attachment":"scroll","background-type":"","background-media":"","overlay-type":"","overlay-color":"","overlay-opacity":"","overlay-gradient":""},"mobile":{"background-color":"var(--ast-global-color-4)","background-image":"","background-repeat":"repeat","background-position":"center center","background-size":"auto","background-attachment":"scroll","background-type":"","background-media":"","overlay-type":"","overlay-color":"","overlay-opacity":"","overlay-gradient":""}},"footnotes":""},"class_list":["post-461","page","type-page","status-publish","hentry"],"yoast_head":"<!-- This site is optimized with the Yoast SEO Premium plugin v27.4 (Yoast SEO v27.4) - https:\/\/yoast.com\/product\/yoast-seo-premium-wordpress\/ -->\n<title>Snow Removal Gatineau | Fast and reliable service | Pavage Robillard<\/title>\n<meta name=\"description\" content=\"Fast, reliable and professional snow removal service in Gatineau. Keep your access points safe all winter with Pavage Robillard.\" \/>\n<meta name=\"robots\" content=\"index, follow, max-snippet:-1, max-image-preview:large, max-video-preview:-1\" \/>\n<link rel=\"canonical\" href=\"https:\/\/pavagerobillard.com\/en\/snow-removal\/\" \/>\n<meta property=\"og:locale\" content=\"en_US\" \/>\n<meta property=\"og:type\" content=\"article\" \/>\n<meta property=\"og:title\" content=\"Snow Removal Gatineau | Fast and reliable service | Pavage Robillard\" \/>\n<meta property=\"og:description\" content=\"Fast, reliable and professional snow removal service in Gatineau to keep your access points safe all winter.\" \/>\n<meta property=\"og:url\" content=\"https:\/\/pavagerobillard.com\/en\/snow-removal\/\" \/>\n<meta property=\"og:site_name\" content=\"Pavage Robillard\" \/>\n<meta property=\"article:publisher\" content=\"https:\/\/www.facebook.com\/profile.php?id=100063689314747\" \/>\n<meta property=\"article:modified_time\" content=\"2026-03-21T18:10:09+00:00\" \/>\n<meta property=\"og:image\" content=\"https:\/\/pavagerobillard.com\/wp-content\/uploads\/2025\/04\/kenny-eliason-rpJv24l7ipQ-unsplash-e1744408248654.jpg\" \/>\n<meta name=\"twitter:card\" content=\"summary_large_image\" \/>\n<meta name=\"twitter:title\" content=\"Snow Removal: Reliable Service for a Worry-Free Winter\" \/>\n<meta name=\"twitter:label1\" content=\"Est. reading time\" \/>\n\t<meta name=\"twitter:data1\" content=\"1 minute\" \/>\n<script type=\"application\/ld+json\" class=\"yoast-schema-graph\">{\"@context\":\"https:\\\/\\\/schema.org\",\"@graph\":[{\"@type\":\"WebPage\",\"@id\":\"https:\\\/\\\/pavagerobillard.com\\\/en\\\/snow-removal\\\/\",\"url\":\"https:\\\/\\\/pavagerobillard.com\\\/en\\\/snow-removal\\\/\",\"name\":\"Snow Removal Gatineau | Fast and reliable service | Pavage Robillard\",\"isPartOf\":{\"@id\":\"https:\\\/\\\/pavagerobillard.com\\\/en\\\/#website\"},\"primaryImageOfPage\":{\"@id\":\"https:\\\/\\\/pavagerobillard.com\\\/en\\\/snow-removal\\\/#primaryimage\"},\"image\":{\"@id\":\"https:\\\/\\\/pavagerobillard.com\\\/en\\\/snow-removal\\\/#primaryimage\"},\"thumbnailUrl\":\"https:\\\/\\\/pavagerobillard.com\\\/wp-content\\\/uploads\\\/2025\\\/04\\\/kenny-eliason-rpJv24l7ipQ-unsplash-e1744408248654.jpg\",\"datePublished\":\"2025-03-13T18:04:37+00:00\",\"dateModified\":\"2026-03-21T18:10:09+00:00\",\"description\":\"Fast, reliable and professional snow removal service in Gatineau. Keep your access points safe all winter with Pavage Robillard.\",\"breadcrumb\":{\"@id\":\"https:\\\/\\\/pavagerobillard.com\\\/en\\\/snow-removal\\\/#breadcrumb\"},\"inLanguage\":\"en-US\",\"potentialAction\":[{\"@type\":\"ReadAction\",\"target\":[\"https:\\\/\\\/pavagerobillard.com\\\/en\\\/snow-removal\\\/\"]}]},{\"@type\":\"ImageObject\",\"inLanguage\":\"en-US\",\"@id\":\"https:\\\/\\\/pavagerobillard.com\\\/en\\\/snow-removal\\\/#primaryimage\",\"url\":\"https:\\\/\\\/pavagerobillard.com\\\/wp-content\\\/uploads\\\/2025\\\/04\\\/kenny-eliason-rpJv24l7ipQ-unsplash-e1744408248654.jpg\",\"contentUrl\":\"https:\\\/\\\/pavagerobillard.com\\\/wp-content\\\/uploads\\\/2025\\\/04\\\/kenny-eliason-rpJv24l7ipQ-unsplash-e1744408248654.jpg\"},{\"@type\":\"BreadcrumbList\",\"@id\":\"https:\\\/\\\/pavagerobillard.com\\\/en\\\/snow-removal\\\/#breadcrumb\",\"itemListElement\":[{\"@type\":\"ListItem\",\"position\":1,\"name\":\"Home\",\"item\":\"https:\\\/\\\/pavagerobillard.com\\\/en\\\/\"},{\"@type\":\"ListItem\",\"position\":2,\"name\":\"Snow Removal: Reliable Service for a Worry-Free Winter\"}]},{\"@type\":\"WebSite\",\"@id\":\"https:\\\/\\\/pavagerobillard.com\\\/en\\\/#website\",\"url\":\"https:\\\/\\\/pavagerobillard.com\\\/en\\\/\",\"name\":\"Pavage Robillard\",\"description\":\"Asphalte, Pav\u00e9 Uni et D\u00e9neigement \u00e0 Gatineau\",\"publisher\":{\"@id\":\"https:\\\/\\\/pavagerobillard.com\\\/en\\\/#organization\"},\"potentialAction\":[{\"@type\":\"SearchAction\",\"target\":{\"@type\":\"EntryPoint\",\"urlTemplate\":\"https:\\\/\\\/pavagerobillard.com\\\/en\\\/?s={search_term_string}\"},\"query-input\":{\"@type\":\"PropertyValueSpecification\",\"valueRequired\":true,\"valueName\":\"search_term_string\"}}],\"inLanguage\":\"en-US\"},{\"@type\":\"Organization\",\"@id\":\"https:\\\/\\\/pavagerobillard.com\\\/en\\\/#organization\",\"name\":\"Pavage Robillard\",\"url\":\"https:\\\/\\\/pavagerobillard.com\\\/en\\\/\",\"logo\":{\"@type\":\"ImageObject\",\"inLanguage\":\"en-US\",\"@id\":\"https:\\\/\\\/pavagerobillard.com\\\/en\\\/#\\\/schema\\\/logo\\\/image\\\/\",\"url\":\"https:\\\/\\\/pavagerobillard.com\\\/wp-content\\\/uploads\\\/2025\\\/05\\\/Pavage-Robiilard-Sans-nom-Logo.png\",\"contentUrl\":\"https:\\\/\\\/pavagerobillard.com\\\/wp-content\\\/uploads\\\/2025\\\/05\\\/Pavage-Robiilard-Sans-nom-Logo.png\",\"width\":1200,\"height\":1200,\"caption\":\"Pavage Robillard\"},\"image\":{\"@id\":\"https:\\\/\\\/pavagerobillard.com\\\/en\\\/#\\\/schema\\\/logo\\\/image\\\/\"},\"sameAs\":[\"https:\\\/\\\/www.facebook.com\\\/profile.php?id=100063689314747\"]}]}<\/script>\n<!-- \/ Yoast SEO Premium plugin. -->","yoast_head_json":{"title":"Snow Removal Gatineau | Fast and reliable service | Pavage Robillard","description":"Fast, reliable and professional snow removal service in Gatineau. Keep your access points safe all winter with Pavage Robillard.","robots":{"index":"index","follow":"follow","max-snippet":"max-snippet:-1","max-image-preview":"max-image-preview:large","max-video-preview":"max-video-preview:-1"},"canonical":"https:\/\/pavagerobillard.com\/en\/snow-removal\/","og_locale":"en_US","og_type":"article","og_title":"Snow Removal Gatineau | Fast and reliable service | Pavage Robillard","og_description":"Fast, reliable and professional snow removal service in Gatineau to keep your access points safe all winter.","og_url":"https:\/\/pavagerobillard.com\/en\/snow-removal\/","og_site_name":"Pavage Robillard","article_publisher":"https:\/\/www.facebook.com\/profile.php?id=100063689314747","article_modified_time":"2026-03-21T18:10:09+00:00","og_image":[{"url":"https:\/\/pavagerobillard.com\/wp-content\/uploads\/2025\/04\/kenny-eliason-rpJv24l7ipQ-unsplash-e1744408248654.jpg","type":"","width":"","height":""}],"twitter_card":"summary_large_image","twitter_title":"Snow Removal: Reliable Service for a Worry-Free Winter","twitter_misc":{"Est. reading time":"1 minute"},"schema":{"@context":"https:\/\/schema.org","@graph":[{"@type":"WebPage","@id":"https:\/\/pavagerobillard.com\/en\/snow-removal\/","url":"https:\/\/pavagerobillard.com\/en\/snow-removal\/","name":"Snow Removal Gatineau | Fast and reliable service | Pavage Robillard","isPartOf":{"@id":"https:\/\/pavagerobillard.com\/en\/#website"},"primaryImageOfPage":{"@id":"https:\/\/pavagerobillard.com\/en\/snow-removal\/#primaryimage"},"image":{"@id":"https:\/\/pavagerobillard.com\/en\/snow-removal\/#primaryimage"},"thumbnailUrl":"https:\/\/pavagerobillard.com\/wp-content\/uploads\/2025\/04\/kenny-eliason-rpJv24l7ipQ-unsplash-e1744408248654.jpg","datePublished":"2025-03-13T18:04:37+00:00","dateModified":"2026-03-21T18:10:09+00:00","description":"Fast, reliable and professional snow removal service in Gatineau. Keep your access points safe all winter with Pavage Robillard.","breadcrumb":{"@id":"https:\/\/pavagerobillard.com\/en\/snow-removal\/#breadcrumb"},"inLanguage":"en-US","potentialAction":[{"@type":"ReadAction","target":["https:\/\/pavagerobillard.com\/en\/snow-removal\/"]}]},{"@type":"ImageObject","inLanguage":"en-US","@id":"https:\/\/pavagerobillard.com\/en\/snow-removal\/#primaryimage","url":"https:\/\/pavagerobillard.com\/wp-content\/uploads\/2025\/04\/kenny-eliason-rpJv24l7ipQ-unsplash-e1744408248654.jpg","contentUrl":"https:\/\/pavagerobillard.com\/wp-content\/uploads\/2025\/04\/kenny-eliason-rpJv24l7ipQ-unsplash-e1744408248654.jpg"},{"@type":"BreadcrumbList","@id":"https:\/\/pavagerobillard.com\/en\/snow-removal\/#breadcrumb","itemListElement":[{"@type":"ListItem","position":1,"name":"Home","item":"https:\/\/pavagerobillard.com\/en\/"},{"@type":"ListItem","position":2,"name":"Snow Removal: Reliable Service for a Worry-Free Winter"}]},{"@type":"WebSite","@id":"https:\/\/pavagerobillard.com\/en\/#website","url":"https:\/\/pavagerobillard.com\/en\/","name":"Pavage Robillard","description":"Asphalte, Pav\u00e9 Uni et D\u00e9neigement \u00e0 Gatineau","publisher":{"@id":"https:\/\/pavagerobillard.com\/en\/#organization"},"potentialAction":[{"@type":"SearchAction","target":{"@type":"EntryPoint","urlTemplate":"https:\/\/pavagerobillard.com\/en\/?s={search_term_string}"},"query-input":{"@type":"PropertyValueSpecification","valueRequired":true,"valueName":"search_term_string"}}],"inLanguage":"en-US"},{"@type":"Organization","@id":"https:\/\/pavagerobillard.com\/en\/#organization","name":"Pavage Robillard","url":"https:\/\/pavagerobillard.com\/en\/","logo":{"@type":"ImageObject","inLanguage":"en-US","@id":"https:\/\/pavagerobillard.com\/en\/#\/schema\/logo\/image\/","url":"https:\/\/pavagerobillard.com\/wp-content\/uploads\/2025\/05\/Pavage-Robiilard-Sans-nom-Logo.png","contentUrl":"https:\/\/pavagerobillard.com\/wp-content\/uploads\/2025\/05\/Pavage-Robiilard-Sans-nom-Logo.png","width":1200,"height":1200,"caption":"Pavage Robillard"},"image":{"@id":"https:\/\/pavagerobillard.com\/en\/#\/schema\/logo\/image\/"},"sameAs":["https:\/\/www.facebook.com\/profile.php?id=100063689314747"]}]}},"uagb_featured_image_src":{"full":false,"thumbnail":false,"medium":false,"medium_large":false,"large":false,"1536x1536":false,"2048x2048":false,"gform-image-choice-sm":false,"gform-image-choice-md":false,"gform-image-choice-lg":false},"uagb_author_info":{"display_name":"Oliver Efremov","author_link":"https:\/\/pavagerobillard.com\/en\/author\/oliver\/"},"uagb_comment_info":0,"uagb_excerpt":"Gatineau winters can be harsh, and snow management is essential to ensure the safety and accessibility of your spaces. Our [&hellip;]","_links":{"self":[{"href":"https:\/\/pavagerobillard.com\/en\/wp-json\/wp\/v2\/pages\/461","targetHints":{"allow":["GET"]}}],"collection":[{"href":"https:\/\/pavagerobillard.com\/en\/wp-json\/wp\/v2\/pages"}],"about":[{"href":"https:\/\/pavagerobillard.com\/en\/wp-json\/wp\/v2\/types\/page"}],"author":[{"embeddable":true,"href":"https:\/\/pavagerobillard.com\/en\/wp-json\/wp\/v2\/users\/2"}],"replies":[{"embeddable":true,"href":"https:\/\/pavagerobillard.com\/en\/wp-json\/wp\/v2\/comments?post=461"}],"version-history":[{"count":0,"href":"https:\/\/pavagerobillard.com\/en\/wp-json\/wp\/v2\/pages\/461\/revisions"}],"wp:attachment":[{"href":"https:\/\/pavagerobillard.com\/en\/wp-json\/wp\/v2\/media?parent=461"}],"curies":[{"name":"wp","href":"https:\/\/api.w.org\/{rel}","templated":true}]}}