{"id":460,"date":"2025-03-13T13:04:21","date_gmt":"2025-03-13T18:04:21","guid":{"rendered":"https:\/\/pavagerobillard.com\/pave-uni-elegance-and-sturdiness-for-your-furnishings\/"},"modified":"2026-03-21T13:53:46","modified_gmt":"2026-03-21T18:53:46","slug":"interlock-pavement","status":"publish","type":"page","link":"https:\/\/pavagerobillard.com\/en\/interlock-pavement\/","title":{"rendered":"Interlock Pavement: Elegance and sturdiness for your furnishings"},"content":{"rendered":"\t\t<div data-elementor-type=\"wp-page\" data-elementor-id=\"460\" class=\"elementor elementor-460 elementor-65\">\n\t\t\t\t<div class=\"elementor-element elementor-element-29e08b3 e-flex e-con-boxed e-con e-parent\" data-id=\"29e08b3\" data-element_type=\"container\" data-e-type=\"container\" data-settings=\"{&quot;background_background&quot;:&quot;classic&quot;,&quot;shape_divider_top&quot;:&quot;tilt&quot;,&quot;shape_divider_bottom&quot;:&quot;tilt&quot;}\">\n\t\t\t\t\t<div class=\"e-con-inner\">\n\t\t\t\t<div class=\"elementor-shape elementor-shape-top\" aria-hidden=\"true\" data-negative=\"false\">\n\t\t\t<svg xmlns=\"http:\/\/www.w3.org\/2000\/svg\" viewBox=\"0 0 1000 100\" preserveAspectRatio=\"none\">\n\t<path class=\"elementor-shape-fill\" d=\"M0,6V0h1000v100L0,6z\"\/>\n<\/svg>\t\t<\/div>\n\t\t\t\t<div class=\"elementor-shape elementor-shape-bottom\" aria-hidden=\"true\" data-negative=\"false\">\n\t\t\t<svg xmlns=\"http:\/\/www.w3.org\/2000\/svg\" viewBox=\"0 0 1000 100\" preserveAspectRatio=\"none\">\n\t<path class=\"elementor-shape-fill\" d=\"M0,6V0h1000v100L0,6z\"\/>\n<\/svg>\t\t<\/div>\n\t\t\t\t<div class=\"elementor-element elementor-element-f9212ef elementor-widget elementor-widget-text-editor\" data-id=\"f9212ef\" data-element_type=\"widget\" data-e-type=\"widget\" data-widget_type=\"text-editor.default\">\n\t\t\t\t<div class=\"elementor-widget-container\">\n\t\t\t\t\t\t\t\t\t<p><strong>Interlock in Gatineau<\/strong> is an ideal solution for structuring and enhancing outdoor spaces. Known for its durability and refined appearance, it works beautifully for driveways, patios, walkways, pool surrounds and front entrances.<\/p><p>At Pavage Robillard, we create interlock layouts that are durable, elegant and adapted to your property as well as the Quebec climate.<\/p>\t\t\t\t\t\t\t\t<\/div>\n\t\t\t\t<\/div>\n\t\t\t\t\t<\/div>\n\t\t\t\t<\/div>\n\t\t<div class=\"elementor-element elementor-element-a9e8a7c e-flex e-con-boxed e-con e-parent\" data-id=\"a9e8a7c\" data-element_type=\"container\" data-e-type=\"container\" data-settings=\"{&quot;background_background&quot;:&quot;classic&quot;,&quot;shape_divider_bottom&quot;:&quot;tilt&quot;}\">\n\t\t\t\t\t<div class=\"e-con-inner\">\n\t\t\t\t<div class=\"elementor-shape elementor-shape-bottom\" aria-hidden=\"true\" data-negative=\"false\">\n\t\t\t<svg xmlns=\"http:\/\/www.w3.org\/2000\/svg\" viewBox=\"0 0 1000 100\" preserveAspectRatio=\"none\">\n\t<path class=\"elementor-shape-fill\" d=\"M0,6V0h1000v100L0,6z\"\/>\n<\/svg>\t\t<\/div>\n\t\t<div class=\"elementor-element elementor-element-92ec980 e-con-full e-flex e-con e-child\" data-id=\"92ec980\" data-element_type=\"container\" data-e-type=\"container\">\n\t\t\t\t<div class=\"elementor-element elementor-element-04f3cd6 elementor-widget elementor-widget-image\" data-id=\"04f3cd6\" data-element_type=\"widget\" data-e-type=\"widget\" data-widget_type=\"image.default\">\n\t\t\t\t<div class=\"elementor-widget-container\">\n\t\t\t\t\t\t\t\t\t\t\t\t\t\t\t<img fetchpriority=\"high\" decoding=\"async\" width=\"640\" height=\"295\" src=\"https:\/\/pavagerobillard.com\/wp-content\/uploads\/2025\/03\/pete-alexopoulos-_yB33ECpS70-unsplash-e1744405096152.jpg\" class=\"attachment-full size-full wp-image-340\" alt=\"\" srcset=\"https:\/\/pavagerobillard.com\/wp-content\/uploads\/2025\/03\/pete-alexopoulos-_yB33ECpS70-unsplash-e1744405096152.jpg 640w, https:\/\/pavagerobillard.com\/wp-content\/uploads\/2025\/03\/pete-alexopoulos-_yB33ECpS70-unsplash-e1744405096152-300x138.jpg 300w\" sizes=\"(max-width: 640px) 100vw, 640px\" \/>\t\t\t\t\t\t\t\t\t\t\t\t\t\t\t<\/div>\n\t\t\t\t<\/div>\n\t\t\t\t<\/div>\n\t\t<div class=\"elementor-element elementor-element-73f4c93 e-con-full e-flex e-con e-child\" data-id=\"73f4c93\" data-element_type=\"container\" data-e-type=\"container\">\n\t\t\t\t<div class=\"elementor-element elementor-element-e6b7c3b elementor-widget elementor-widget-text-editor\" data-id=\"e6b7c3b\" data-element_type=\"widget\" data-e-type=\"widget\" data-widget_type=\"text-editor.default\">\n\t\t\t\t<div class=\"elementor-widget-container\">\n\t\t\t\t\t\t\t\t\t<p>We offer a wide variety of styles, colors and patterns to suit different preferences and layouts.<\/p><p>Each installation is completed with precision and attention to detail to ensure a stable, durable and visually appealing result for residential or commercial projects in Gatineau and the Outaouais.<\/p>\t\t\t\t\t\t\t\t<\/div>\n\t\t\t\t<\/div>\n\t\t\t\t<\/div>\n\t\t\t\t\t<\/div>\n\t\t\t\t<\/div>\n\t\t<div class=\"elementor-element elementor-element-3b15743 e-flex e-con-boxed e-con e-parent\" data-id=\"3b15743\" data-element_type=\"container\" data-e-type=\"container\" data-settings=\"{&quot;background_background&quot;:&quot;classic&quot;}\">\n\t\t\t\t\t<div class=\"e-con-inner\">\n\t\t<div class=\"elementor-element elementor-element-206efb4 e-con-full e-flex e-con e-child\" data-id=\"206efb4\" data-element_type=\"container\" data-e-type=\"container\">\n\t\t\t\t<div class=\"elementor-element elementor-element-88d36ed elementor-widget elementor-widget-text-editor\" data-id=\"88d36ed\" data-element_type=\"widget\" data-e-type=\"widget\" data-widget_type=\"text-editor.default\">\n\t\t\t\t<div class=\"elementor-widget-container\">\n\t\t\t\t\t\t\t\t\t<p>The benefits of interlock:<\/p><ul><li><strong>Excellent durability<\/strong> against weather and wear<\/li><li><strong>Easy maintenance<\/strong> with simple upkeep solutions<\/li><li><strong>Design flexibility<\/strong> for personalized outdoor spaces<\/li><li><strong>Localized repairs<\/strong> without redoing the entire surface<\/li><\/ul><p><strong>Planning an interlock project in Gatineau?<\/strong> Contact Pavage Robillard for a free quote.<\/p>\t\t\t\t\t\t\t\t<\/div>\n\t\t\t\t<\/div>\n\t\t\t\t<\/div>\n\t\t<div class=\"elementor-element elementor-element-cf3b048 e-con-full e-flex e-con e-child\" data-id=\"cf3b048\" data-element_type=\"container\" data-e-type=\"container\">\n\t\t\t\t<div class=\"elementor-element elementor-element-f874715 elementor-widget elementor-widget-image\" data-id=\"f874715\" data-element_type=\"widget\" data-e-type=\"widget\" data-widget_type=\"image.default\">\n\t\t\t\t<div class=\"elementor-widget-container\">\n\t\t\t\t\t\t\t\t\t\t\t\t\t\t\t<img decoding=\"async\" src=\"https:\/\/pavagerobillard.com\/wp-content\/uploads\/elementor\/thumbs\/shane-mcknight-hA6nChzApqo-unsplash1-r6kn6or5wokhhrf3h7xg2domrbvchlx62xhh504034.jpg\" title=\"shane-mcknight-hA6nChzApqo-unsplash(1)\" alt=\"shane-mcknight-hA6nChzApqo-unsplash(1)\" loading=\"lazy\" \/>\t\t\t\t\t\t\t\t\t\t\t\t\t\t\t<\/div>\n\t\t\t\t<\/div>\n\t\t\t\t<\/div>\n\t\t\t\t\t<\/div>\n\t\t\t\t<\/div>\n\t\t\t\t<\/div>\n\t\t","protected":false},"excerpt":{"rendered":"<p>Interlock in Gatineau is an ideal solution for structuring and enhancing outdoor spaces. Known for its durability and refined appearance, [&hellip;]<\/p>\n","protected":false},"author":2,"featured_media":0,"parent":0,"menu_order":0,"comment_status":"closed","ping_status":"closed","template":"","meta":{"_uag_custom_page_level_css":"","site-sidebar-layout":"no-sidebar","site-content-layout":"","ast-site-content-layout":"full-width-container","site-content-style":"default","site-sidebar-style":"default","ast-global-header-display":"","ast-banner-title-visibility":"","ast-main-header-display":"","ast-hfb-above-header-display":"","ast-hfb-below-header-display":"","ast-hfb-mobile-header-display":"","site-post-title":"disabled","ast-breadcrumbs-content":"","ast-featured-img":"disabled","footer-sml-layout":"","ast-disable-related-posts":"","theme-transparent-header-meta":"","adv-header-id-meta":"","stick-header-meta":"","header-above-stick-meta":"","header-main-stick-meta":"","header-below-stick-meta":"","astra-migrate-meta-layouts":"default","ast-page-background-enabled":"default","ast-page-background-meta":{"desktop":{"background-color":"var(--ast-global-color-5)","background-image":"","background-repeat":"repeat","background-position":"center center","background-size":"auto","background-attachment":"scroll","background-type":"","background-media":"","overlay-type":"","overlay-color":"","overlay-opacity":"","overlay-gradient":""},"tablet":{"background-color":"","background-image":"","background-repeat":"repeat","background-position":"center center","background-size":"auto","background-attachment":"scroll","background-type":"","background-media":"","overlay-type":"","overlay-color":"","overlay-opacity":"","overlay-gradient":""},"mobile":{"background-color":"","background-image":"","background-repeat":"repeat","background-position":"center center","background-size":"auto","background-attachment":"scroll","background-type":"","background-media":"","overlay-type":"","overlay-color":"","overlay-opacity":"","overlay-gradient":""}},"ast-content-background-meta":{"desktop":{"background-color":"var(--ast-global-color-4)","background-image":"","background-repeat":"repeat","background-position":"center center","background-size":"auto","background-attachment":"scroll","background-type":"","background-media":"","overlay-type":"","overlay-color":"","overlay-opacity":"","overlay-gradient":""},"tablet":{"background-color":"var(--ast-global-color-4)","background-image":"","background-repeat":"repeat","background-position":"center center","background-size":"auto","background-attachment":"scroll","background-type":"","background-media":"","overlay-type":"","overlay-color":"","overlay-opacity":"","overlay-gradient":""},"mobile":{"background-color":"var(--ast-global-color-4)","background-image":"","background-repeat":"repeat","background-position":"center center","background-size":"auto","background-attachment":"scroll","background-type":"","background-media":"","overlay-type":"","overlay-color":"","overlay-opacity":"","overlay-gradient":""}},"footnotes":""},"class_list":["post-460","page","type-page","status-publish","hentry"],"yoast_head":"<!-- This site is optimized with the Yoast SEO Premium plugin v27.2 (Yoast SEO v27.2) - https:\/\/yoast.com\/product\/yoast-seo-premium-wordpress\/ -->\n<title>Interlock Gatineau | Durable installation | Pavage Robillard<\/title>\n<meta name=\"description\" content=\"Interlock installation in Gatineau for durable, elegant and long-lasting outdoor spaces. Get a free quote from Pavage Robillard.\" \/>\n<meta name=\"robots\" content=\"index, follow, max-snippet:-1, max-image-preview:large, max-video-preview:-1\" \/>\n<link rel=\"canonical\" href=\"https:\/\/pavagerobillard.com\/en\/interlock-pavement\/\" \/>\n<meta property=\"og:locale\" content=\"en_US\" \/>\n<meta property=\"og:type\" content=\"article\" \/>\n<meta property=\"og:title\" content=\"Interlock Gatineau | Durable installation | Pavage Robillard\" \/>\n<meta property=\"og:description\" content=\"Interlock installation in Gatineau for durable, elegant and long-lasting outdoor spaces.\" \/>\n<meta property=\"og:url\" content=\"https:\/\/pavagerobillard.com\/en\/interlock-pavement\/\" \/>\n<meta property=\"og:site_name\" content=\"Pavage Robillard\" \/>\n<meta property=\"article:publisher\" content=\"https:\/\/www.facebook.com\/profile.php?id=100063689314747\" \/>\n<meta property=\"article:modified_time\" content=\"2026-03-21T18:53:46+00:00\" \/>\n<meta property=\"og:image\" content=\"https:\/\/pavagerobillard.com\/wp-content\/uploads\/2025\/03\/pete-alexopoulos-_yB33ECpS70-unsplash-e1744405096152.jpg\" \/>\n\t<meta property=\"og:image:width\" content=\"640\" \/>\n\t<meta property=\"og:image:height\" content=\"295\" \/>\n\t<meta property=\"og:image:type\" content=\"image\/jpeg\" \/>\n<meta name=\"twitter:card\" content=\"summary_large_image\" \/>\n<meta name=\"twitter:title\" content=\"Interlock Pavement: Elegance and sturdiness for your furnishings\" \/>\n<meta name=\"twitter:label1\" content=\"Est. reading time\" \/>\n\t<meta name=\"twitter:data1\" content=\"2 minutes\" \/>\n<script type=\"application\/ld+json\" class=\"yoast-schema-graph\">{\"@context\":\"https:\/\/schema.org\",\"@graph\":[{\"@type\":\"WebPage\",\"@id\":\"https:\/\/pavagerobillard.com\/en\/interlock-pavement\/\",\"url\":\"https:\/\/pavagerobillard.com\/en\/interlock-pavement\/\",\"name\":\"Interlock Gatineau | Durable installation | Pavage Robillard\",\"isPartOf\":{\"@id\":\"https:\/\/pavagerobillard.com\/en\/#website\"},\"primaryImageOfPage\":{\"@id\":\"https:\/\/pavagerobillard.com\/en\/interlock-pavement\/#primaryimage\"},\"image\":{\"@id\":\"https:\/\/pavagerobillard.com\/en\/interlock-pavement\/#primaryimage\"},\"thumbnailUrl\":\"https:\/\/pavagerobillard.com\/wp-content\/uploads\/2025\/03\/pete-alexopoulos-_yB33ECpS70-unsplash-e1744405096152.jpg\",\"datePublished\":\"2025-03-13T18:04:21+00:00\",\"dateModified\":\"2026-03-21T18:53:46+00:00\",\"description\":\"Interlock installation in Gatineau for durable, elegant and long-lasting outdoor spaces. Get a free quote from Pavage Robillard.\",\"breadcrumb\":{\"@id\":\"https:\/\/pavagerobillard.com\/en\/interlock-pavement\/#breadcrumb\"},\"inLanguage\":\"en-US\",\"potentialAction\":[{\"@type\":\"ReadAction\",\"target\":[\"https:\/\/pavagerobillard.com\/en\/interlock-pavement\/\"]}]},{\"@type\":\"ImageObject\",\"inLanguage\":\"en-US\",\"@id\":\"https:\/\/pavagerobillard.com\/en\/interlock-pavement\/#primaryimage\",\"url\":\"https:\/\/pavagerobillard.com\/wp-content\/uploads\/2025\/03\/pete-alexopoulos-_yB33ECpS70-unsplash-e1744405096152.jpg\",\"contentUrl\":\"https:\/\/pavagerobillard.com\/wp-content\/uploads\/2025\/03\/pete-alexopoulos-_yB33ECpS70-unsplash-e1744405096152.jpg\"},{\"@type\":\"BreadcrumbList\",\"@id\":\"https:\/\/pavagerobillard.com\/en\/interlock-pavement\/#breadcrumb\",\"itemListElement\":[{\"@type\":\"ListItem\",\"position\":1,\"name\":\"Home\",\"item\":\"https:\/\/pavagerobillard.com\/en\/\"},{\"@type\":\"ListItem\",\"position\":2,\"name\":\"Interlock Pavement: Elegance and sturdiness for your furnishings\"}]},{\"@type\":\"WebSite\",\"@id\":\"https:\/\/pavagerobillard.com\/en\/#website\",\"url\":\"https:\/\/pavagerobillard.com\/en\/\",\"name\":\"Pavage Robillard\",\"description\":\"Asphalte, Pav\u00e9 Uni et D\u00e9neigement \u00e0 Gatineau\",\"publisher\":{\"@id\":\"https:\/\/pavagerobillard.com\/en\/#organization\"},\"potentialAction\":[{\"@type\":\"SearchAction\",\"target\":{\"@type\":\"EntryPoint\",\"urlTemplate\":\"https:\/\/pavagerobillard.com\/en\/?s={search_term_string}\"},\"query-input\":{\"@type\":\"PropertyValueSpecification\",\"valueRequired\":true,\"valueName\":\"search_term_string\"}}],\"inLanguage\":\"en-US\"},{\"@type\":\"Organization\",\"@id\":\"https:\/\/pavagerobillard.com\/en\/#organization\",\"name\":\"Pavage Robillard\",\"url\":\"https:\/\/pavagerobillard.com\/en\/\",\"logo\":{\"@type\":\"ImageObject\",\"inLanguage\":\"en-US\",\"@id\":\"https:\/\/pavagerobillard.com\/en\/#\/schema\/logo\/image\/\",\"url\":\"https:\/\/pavagerobillard.com\/wp-content\/uploads\/2025\/05\/Pavage-Robiilard-Sans-nom-Logo.png\",\"contentUrl\":\"https:\/\/pavagerobillard.com\/wp-content\/uploads\/2025\/05\/Pavage-Robiilard-Sans-nom-Logo.png\",\"width\":1200,\"height\":1200,\"caption\":\"Pavage Robillard\"},\"image\":{\"@id\":\"https:\/\/pavagerobillard.com\/en\/#\/schema\/logo\/image\/\"},\"sameAs\":[\"https:\/\/www.facebook.com\/profile.php?id=100063689314747\"]}]}<\/script>\n<!-- \/ Yoast SEO Premium plugin. -->","yoast_head_json":{"title":"Interlock Gatineau | Durable installation | Pavage Robillard","description":"Interlock installation in Gatineau for durable, elegant and long-lasting outdoor spaces. Get a free quote from Pavage Robillard.","robots":{"index":"index","follow":"follow","max-snippet":"max-snippet:-1","max-image-preview":"max-image-preview:large","max-video-preview":"max-video-preview:-1"},"canonical":"https:\/\/pavagerobillard.com\/en\/interlock-pavement\/","og_locale":"en_US","og_type":"article","og_title":"Interlock Gatineau | Durable installation | Pavage Robillard","og_description":"Interlock installation in Gatineau for durable, elegant and long-lasting outdoor spaces.","og_url":"https:\/\/pavagerobillard.com\/en\/interlock-pavement\/","og_site_name":"Pavage Robillard","article_publisher":"https:\/\/www.facebook.com\/profile.php?id=100063689314747","article_modified_time":"2026-03-21T18:53:46+00:00","og_image":[{"width":640,"height":295,"url":"https:\/\/pavagerobillard.com\/wp-content\/uploads\/2025\/03\/pete-alexopoulos-_yB33ECpS70-unsplash-e1744405096152.jpg","type":"image\/jpeg"}],"twitter_card":"summary_large_image","twitter_title":"Interlock Pavement: Elegance and sturdiness for your furnishings","twitter_misc":{"Est. reading time":"2 minutes"},"schema":{"@context":"https:\/\/schema.org","@graph":[{"@type":"WebPage","@id":"https:\/\/pavagerobillard.com\/en\/interlock-pavement\/","url":"https:\/\/pavagerobillard.com\/en\/interlock-pavement\/","name":"Interlock Gatineau | Durable installation | Pavage Robillard","isPartOf":{"@id":"https:\/\/pavagerobillard.com\/en\/#website"},"primaryImageOfPage":{"@id":"https:\/\/pavagerobillard.com\/en\/interlock-pavement\/#primaryimage"},"image":{"@id":"https:\/\/pavagerobillard.com\/en\/interlock-pavement\/#primaryimage"},"thumbnailUrl":"https:\/\/pavagerobillard.com\/wp-content\/uploads\/2025\/03\/pete-alexopoulos-_yB33ECpS70-unsplash-e1744405096152.jpg","datePublished":"2025-03-13T18:04:21+00:00","dateModified":"2026-03-21T18:53:46+00:00","description":"Interlock installation in Gatineau for durable, elegant and long-lasting outdoor spaces. Get a free quote from Pavage Robillard.","breadcrumb":{"@id":"https:\/\/pavagerobillard.com\/en\/interlock-pavement\/#breadcrumb"},"inLanguage":"en-US","potentialAction":[{"@type":"ReadAction","target":["https:\/\/pavagerobillard.com\/en\/interlock-pavement\/"]}]},{"@type":"ImageObject","inLanguage":"en-US","@id":"https:\/\/pavagerobillard.com\/en\/interlock-pavement\/#primaryimage","url":"https:\/\/pavagerobillard.com\/wp-content\/uploads\/2025\/03\/pete-alexopoulos-_yB33ECpS70-unsplash-e1744405096152.jpg","contentUrl":"https:\/\/pavagerobillard.com\/wp-content\/uploads\/2025\/03\/pete-alexopoulos-_yB33ECpS70-unsplash-e1744405096152.jpg"},{"@type":"BreadcrumbList","@id":"https:\/\/pavagerobillard.com\/en\/interlock-pavement\/#breadcrumb","itemListElement":[{"@type":"ListItem","position":1,"name":"Home","item":"https:\/\/pavagerobillard.com\/en\/"},{"@type":"ListItem","position":2,"name":"Interlock Pavement: Elegance and sturdiness for your furnishings"}]},{"@type":"WebSite","@id":"https:\/\/pavagerobillard.com\/en\/#website","url":"https:\/\/pavagerobillard.com\/en\/","name":"Pavage Robillard","description":"Asphalte, Pav\u00e9 Uni et D\u00e9neigement \u00e0 Gatineau","publisher":{"@id":"https:\/\/pavagerobillard.com\/en\/#organization"},"potentialAction":[{"@type":"SearchAction","target":{"@type":"EntryPoint","urlTemplate":"https:\/\/pavagerobillard.com\/en\/?s={search_term_string}"},"query-input":{"@type":"PropertyValueSpecification","valueRequired":true,"valueName":"search_term_string"}}],"inLanguage":"en-US"},{"@type":"Organization","@id":"https:\/\/pavagerobillard.com\/en\/#organization","name":"Pavage Robillard","url":"https:\/\/pavagerobillard.com\/en\/","logo":{"@type":"ImageObject","inLanguage":"en-US","@id":"https:\/\/pavagerobillard.com\/en\/#\/schema\/logo\/image\/","url":"https:\/\/pavagerobillard.com\/wp-content\/uploads\/2025\/05\/Pavage-Robiilard-Sans-nom-Logo.png","contentUrl":"https:\/\/pavagerobillard.com\/wp-content\/uploads\/2025\/05\/Pavage-Robiilard-Sans-nom-Logo.png","width":1200,"height":1200,"caption":"Pavage Robillard"},"image":{"@id":"https:\/\/pavagerobillard.com\/en\/#\/schema\/logo\/image\/"},"sameAs":["https:\/\/www.facebook.com\/profile.php?id=100063689314747"]}]}},"uagb_featured_image_src":{"full":false,"thumbnail":false,"medium":false,"medium_large":false,"large":false,"1536x1536":false,"2048x2048":false,"gform-image-choice-sm":false,"gform-image-choice-md":false,"gform-image-choice-lg":false},"uagb_author_info":{"display_name":"Oliver Efremov","author_link":"https:\/\/pavagerobillard.com\/en\/author\/oliver\/"},"uagb_comment_info":0,"uagb_excerpt":"Interlock in Gatineau is an ideal solution for structuring and enhancing outdoor spaces. Known for its durability and refined appearance, [&hellip;]","_links":{"self":[{"href":"https:\/\/pavagerobillard.com\/en\/wp-json\/wp\/v2\/pages\/460","targetHints":{"allow":["GET"]}}],"collection":[{"href":"https:\/\/pavagerobillard.com\/en\/wp-json\/wp\/v2\/pages"}],"about":[{"href":"https:\/\/pavagerobillard.com\/en\/wp-json\/wp\/v2\/types\/page"}],"author":[{"embeddable":true,"href":"https:\/\/pavagerobillard.com\/en\/wp-json\/wp\/v2\/users\/2"}],"replies":[{"embeddable":true,"href":"https:\/\/pavagerobillard.com\/en\/wp-json\/wp\/v2\/comments?post=460"}],"version-history":[{"count":0,"href":"https:\/\/pavagerobillard.com\/en\/wp-json\/wp\/v2\/pages\/460\/revisions"}],"wp:attachment":[{"href":"https:\/\/pavagerobillard.com\/en\/wp-json\/wp\/v2\/media?parent=460"}],"curies":[{"name":"wp","href":"https:\/\/api.w.org\/{rel}","templated":true}]}}