{"id":459,"date":"2025-03-13T13:03:42","date_gmt":"2025-03-13T18:03:42","guid":{"rendered":"https:\/\/pavagerobillard.com\/paving-quality-and-durability-come-first\/"},"modified":"2026-03-21T13:09:54","modified_gmt":"2026-03-21T18:09:54","slug":"paving","status":"publish","type":"page","link":"https:\/\/pavagerobillard.com\/en\/paving\/","title":{"rendered":"Paving: Quality and durability come first"},"content":{"rendered":"\t\t<div data-elementor-type=\"wp-page\" data-elementor-id=\"459\" class=\"elementor elementor-459 elementor-64\">\n\t\t\t\t<div class=\"elementor-element elementor-element-13a5ae2e e-flex e-con-boxed e-con e-parent\" data-id=\"13a5ae2e\" data-element_type=\"container\" data-e-type=\"container\" data-settings=\"{&quot;background_background&quot;:&quot;classic&quot;,&quot;shape_divider_top&quot;:&quot;tilt&quot;,&quot;shape_divider_bottom&quot;:&quot;tilt&quot;}\">\n\t\t\t\t\t<div class=\"e-con-inner\">\n\t\t\t\t<div class=\"elementor-shape elementor-shape-top\" aria-hidden=\"true\" data-negative=\"false\">\n\t\t\t<svg xmlns=\"http:\/\/www.w3.org\/2000\/svg\" viewBox=\"0 0 1000 100\" preserveAspectRatio=\"none\">\n\t<path class=\"elementor-shape-fill\" d=\"M0,6V0h1000v100L0,6z\"\/>\n<\/svg>\t\t<\/div>\n\t\t\t\t<div class=\"elementor-shape elementor-shape-bottom\" aria-hidden=\"true\" data-negative=\"false\">\n\t\t\t<svg xmlns=\"http:\/\/www.w3.org\/2000\/svg\" viewBox=\"0 0 1000 100\" preserveAspectRatio=\"none\">\n\t<path class=\"elementor-shape-fill\" d=\"M0,6V0h1000v100L0,6z\"\/>\n<\/svg>\t\t<\/div>\n\t\t\t\t<div class=\"elementor-element elementor-element-99caa88 elementor-widget elementor-widget-text-editor\" data-id=\"99caa88\" data-element_type=\"widget\" data-e-type=\"widget\" data-widget_type=\"text-editor.default\">\n\t\t\t\t<div class=\"elementor-widget-container\">\n\t\t\t\t\t\t\t\t\t<p>Paving is much more than just an asphalt surface: it&#8217;s an investment in the durability and aesthetics of your outdoor space. Whether it&#8217;s for a residential driveway, a commercial parking lot or a municipal project, we guarantee that our work will be carried out with rigor and attention to detail.<\/p>\t\t\t\t\t\t\t\t<\/div>\n\t\t\t\t<\/div>\n\t\t\t\t\t<\/div>\n\t\t\t\t<\/div>\n\t\t<div class=\"elementor-element elementor-element-3c9e065 e-flex e-con-boxed e-con e-parent\" data-id=\"3c9e065\" data-element_type=\"container\" data-e-type=\"container\" data-settings=\"{&quot;background_background&quot;:&quot;classic&quot;,&quot;shape_divider_bottom&quot;:&quot;tilt&quot;}\">\n\t\t\t\t\t<div class=\"e-con-inner\">\n\t\t\t\t<div class=\"elementor-shape elementor-shape-bottom\" aria-hidden=\"true\" data-negative=\"false\">\n\t\t\t<svg xmlns=\"http:\/\/www.w3.org\/2000\/svg\" viewBox=\"0 0 1000 100\" preserveAspectRatio=\"none\">\n\t<path class=\"elementor-shape-fill\" d=\"M0,6V0h1000v100L0,6z\"\/>\n<\/svg>\t\t<\/div>\n\t\t<div class=\"elementor-element elementor-element-5a438bfe e-con-full e-flex e-con e-child\" data-id=\"5a438bfe\" data-element_type=\"container\" data-e-type=\"container\">\n\t\t\t\t<div class=\"elementor-element elementor-element-679f25bc elementor-widget elementor-widget-image\" data-id=\"679f25bc\" data-element_type=\"widget\" data-e-type=\"widget\" data-widget_type=\"image.default\">\n\t\t\t\t<div class=\"elementor-widget-container\">\n\t\t\t\t\t\t\t\t\t\t\t\t\t\t\t<img fetchpriority=\"high\" decoding=\"async\" width=\"640\" height=\"324\" src=\"https:\/\/pavagerobillard.com\/wp-content\/uploads\/2025\/04\/egor-myznik-oHlegbNb8lc-unsplash-e1744400666415.jpg\" class=\"attachment-full size-full wp-image-358\" alt=\"\" srcset=\"https:\/\/pavagerobillard.com\/wp-content\/uploads\/2025\/04\/egor-myznik-oHlegbNb8lc-unsplash-e1744400666415.jpg 640w, https:\/\/pavagerobillard.com\/wp-content\/uploads\/2025\/04\/egor-myznik-oHlegbNb8lc-unsplash-e1744400666415-300x152.jpg 300w\" sizes=\"(max-width: 640px) 100vw, 640px\" \/>\t\t\t\t\t\t\t\t\t\t\t\t\t\t\t<\/div>\n\t\t\t\t<\/div>\n\t\t\t\t<\/div>\n\t\t<div class=\"elementor-element elementor-element-5b8e0889 e-con-full e-flex e-con e-child\" data-id=\"5b8e0889\" data-element_type=\"container\" data-e-type=\"container\">\n\t\t\t\t<div class=\"elementor-element elementor-element-45de24ad elementor-widget elementor-widget-text-editor\" data-id=\"45de24ad\" data-element_type=\"widget\" data-e-type=\"widget\" data-widget_type=\"text-editor.default\">\n\t\t\t\t<div class=\"elementor-widget-container\">\n\t\t\t\t\t\t\t\t\t<p>We use high-quality materials to ensure optimum resistance to weather, temperature variations and the wear and tear of time. Our paving techniques ensure a uniform, stable and durable surface, minimizing the risk of cracks and settling.<\/p>\t\t\t\t\t\t\t\t<\/div>\n\t\t\t\t<\/div>\n\t\t\t\t<\/div>\n\t\t\t\t\t<\/div>\n\t\t\t\t<\/div>\n\t\t<div class=\"elementor-element elementor-element-388d326b e-flex e-con-boxed e-con e-parent\" data-id=\"388d326b\" data-element_type=\"container\" data-e-type=\"container\" data-settings=\"{&quot;background_background&quot;:&quot;classic&quot;}\">\n\t\t\t\t\t<div class=\"e-con-inner\">\n\t\t<div class=\"elementor-element elementor-element-36a3e117 e-con-full e-flex e-con e-child\" data-id=\"36a3e117\" data-element_type=\"container\" data-e-type=\"container\">\n\t\t\t\t<div class=\"elementor-element elementor-element-443063bc elementor-widget elementor-widget-text-editor\" data-id=\"443063bc\" data-element_type=\"widget\" data-e-type=\"widget\" data-widget_type=\"text-editor.default\">\n\t\t\t\t<div class=\"elementor-widget-container\">\n\t\t\t\t\t\t\t\t\t<p>Every project is unique, which is why we adapt our methods to our customers&#8217; specific needs. We take care of every step of the process:<\/p><ul><li><strong>Site preparation<\/strong> (excavation, drainage, levelling)<\/li><li><strong>Application of granular base<\/strong> for maximum stability<\/li><li><strong>Laying high-quality asphalt<\/strong> for a durable, uniform finish<\/li><li><strong>Precise compaction<\/strong> for greater strength and durability<\/li><\/ul><p>Our experienced team ensures clean, efficient and on-time work to meet the most demanding expectations.<\/p>\t\t\t\t\t\t\t\t<\/div>\n\t\t\t\t<\/div>\n\t\t\t\t<\/div>\n\t\t<div class=\"elementor-element elementor-element-6be04d90 e-con-full e-flex e-con e-child\" data-id=\"6be04d90\" data-element_type=\"container\" data-e-type=\"container\">\n\t\t\t\t<div class=\"elementor-element elementor-element-0863a02 elementor-widget elementor-widget-image\" data-id=\"0863a02\" data-element_type=\"widget\" data-e-type=\"widget\" data-widget_type=\"image.default\">\n\t\t\t\t<div class=\"elementor-widget-container\">\n\t\t\t\t\t\t\t\t\t\t\t\t\t\t\t<img decoding=\"async\" src=\"https:\/\/pavagerobillard.com\/wp-content\/uploads\/elementor\/thumbs\/450120941_1033080392158262_385864800698316934_n-r6kn6or5wokhhrf3h7xg2domrbvchlx62xhh504034.jpg\" title=\"450120941_1033080392158262_385864800698316934_n\" alt=\"450120941_1033080392158262_385864800698316934_n\" loading=\"lazy\" \/>\t\t\t\t\t\t\t\t\t\t\t\t\t\t\t<\/div>\n\t\t\t\t<\/div>\n\t\t\t\t<\/div>\n\t\t\t\t\t<\/div>\n\t\t\t\t<\/div>\n\t\t\t\t<\/div>\n\t\t","protected":false},"excerpt":{"rendered":"<p>Paving is much more than just an asphalt surface: it&#8217;s an investment in the durability and aesthetics of your outdoor [&hellip;]<\/p>\n","protected":false},"author":2,"featured_media":0,"parent":0,"menu_order":0,"comment_status":"closed","ping_status":"closed","template":"","meta":{"_uag_custom_page_level_css":"","site-sidebar-layout":"no-sidebar","site-content-layout":"","ast-site-content-layout":"full-width-container","site-content-style":"default","site-sidebar-style":"default","ast-global-header-display":"","ast-banner-title-visibility":"","ast-main-header-display":"","ast-hfb-above-header-display":"","ast-hfb-below-header-display":"","ast-hfb-mobile-header-display":"","site-post-title":"disabled","ast-breadcrumbs-content":"","ast-featured-img":"disabled","footer-sml-layout":"","ast-disable-related-posts":"","theme-transparent-header-meta":"","adv-header-id-meta":"","stick-header-meta":"","header-above-stick-meta":"","header-main-stick-meta":"","header-below-stick-meta":"","astra-migrate-meta-layouts":"default","ast-page-background-enabled":"default","ast-page-background-meta":{"desktop":{"background-color":"var(--ast-global-color-5)","background-image":"","background-repeat":"repeat","background-position":"center center","background-size":"auto","background-attachment":"scroll","background-type":"","background-media":"","overlay-type":"","overlay-color":"","overlay-opacity":"","overlay-gradient":""},"tablet":{"background-color":"","background-image":"","background-repeat":"repeat","background-position":"center center","background-size":"auto","background-attachment":"scroll","background-type":"","background-media":"","overlay-type":"","overlay-color":"","overlay-opacity":"","overlay-gradient":""},"mobile":{"background-color":"","background-image":"","background-repeat":"repeat","background-position":"center center","background-size":"auto","background-attachment":"scroll","background-type":"","background-media":"","overlay-type":"","overlay-color":"","overlay-opacity":"","overlay-gradient":""}},"ast-content-background-meta":{"desktop":{"background-color":"var(--ast-global-color-4)","background-image":"","background-repeat":"repeat","background-position":"center center","background-size":"auto","background-attachment":"scroll","background-type":"","background-media":"","overlay-type":"","overlay-color":"","overlay-opacity":"","overlay-gradient":""},"tablet":{"background-color":"var(--ast-global-color-4)","background-image":"","background-repeat":"repeat","background-position":"center center","background-size":"auto","background-attachment":"scroll","background-type":"","background-media":"","overlay-type":"","overlay-color":"","overlay-opacity":"","overlay-gradient":""},"mobile":{"background-color":"var(--ast-global-color-4)","background-image":"","background-repeat":"repeat","background-position":"center center","background-size":"auto","background-attachment":"scroll","background-type":"","background-media":"","overlay-type":"","overlay-color":"","overlay-opacity":"","overlay-gradient":""}},"footnotes":""},"class_list":["post-459","page","type-page","status-publish","hentry"],"yoast_head":"<!-- This site is optimized with the Yoast SEO Premium plugin v27.4 (Yoast SEO v27.4) - https:\/\/yoast.com\/product\/yoast-seo-premium-wordpress\/ -->\n<title>Paving Gatineau | Residential and commercial | Pavage Robillard<\/title>\n<meta name=\"description\" content=\"Paving services in Gatineau and the Outaouais for residential, commercial and municipal projects. Durable work and free quotes.\" \/>\n<meta name=\"robots\" content=\"index, follow, max-snippet:-1, max-image-preview:large, max-video-preview:-1\" \/>\n<link rel=\"canonical\" href=\"https:\/\/pavagerobillard.com\/en\/paving\/\" \/>\n<meta property=\"og:locale\" content=\"en_US\" \/>\n<meta property=\"og:type\" content=\"article\" \/>\n<meta property=\"og:title\" content=\"Paving Gatineau | Residential and commercial | Pavage Robillard\" \/>\n<meta property=\"og:description\" content=\"Paving services in Gatineau and the Outaouais for residential, commercial and municipal projects.\" \/>\n<meta property=\"og:url\" content=\"https:\/\/pavagerobillard.com\/en\/paving\/\" \/>\n<meta property=\"og:site_name\" content=\"Pavage Robillard\" \/>\n<meta property=\"article:publisher\" content=\"https:\/\/www.facebook.com\/profile.php?id=100063689314747\" \/>\n<meta property=\"article:modified_time\" content=\"2026-03-21T18:09:54+00:00\" \/>\n<meta property=\"og:image\" content=\"https:\/\/pavagerobillard.com\/wp-content\/uploads\/2025\/04\/egor-myznik-oHlegbNb8lc-unsplash-e1744400666415.jpg\" \/>\n<meta name=\"twitter:card\" content=\"summary_large_image\" \/>\n<meta name=\"twitter:title\" content=\"Paving: Quality and durability come first\" \/>\n<meta name=\"twitter:label1\" content=\"Est. reading time\" \/>\n\t<meta name=\"twitter:data1\" content=\"2 minutes\" \/>\n<script type=\"application\/ld+json\" class=\"yoast-schema-graph\">{\"@context\":\"https:\\\/\\\/schema.org\",\"@graph\":[{\"@type\":\"WebPage\",\"@id\":\"https:\\\/\\\/pavagerobillard.com\\\/en\\\/paving\\\/\",\"url\":\"https:\\\/\\\/pavagerobillard.com\\\/en\\\/paving\\\/\",\"name\":\"Paving Gatineau | Residential and commercial | Pavage Robillard\",\"isPartOf\":{\"@id\":\"https:\\\/\\\/pavagerobillard.com\\\/en\\\/#website\"},\"primaryImageOfPage\":{\"@id\":\"https:\\\/\\\/pavagerobillard.com\\\/en\\\/paving\\\/#primaryimage\"},\"image\":{\"@id\":\"https:\\\/\\\/pavagerobillard.com\\\/en\\\/paving\\\/#primaryimage\"},\"thumbnailUrl\":\"https:\\\/\\\/pavagerobillard.com\\\/wp-content\\\/uploads\\\/2025\\\/04\\\/egor-myznik-oHlegbNb8lc-unsplash-e1744400666415.jpg\",\"datePublished\":\"2025-03-13T18:03:42+00:00\",\"dateModified\":\"2026-03-21T18:09:54+00:00\",\"description\":\"Paving services in Gatineau and the Outaouais for residential, commercial and municipal projects. Durable work and free quotes.\",\"breadcrumb\":{\"@id\":\"https:\\\/\\\/pavagerobillard.com\\\/en\\\/paving\\\/#breadcrumb\"},\"inLanguage\":\"en-US\",\"potentialAction\":[{\"@type\":\"ReadAction\",\"target\":[\"https:\\\/\\\/pavagerobillard.com\\\/en\\\/paving\\\/\"]}]},{\"@type\":\"ImageObject\",\"inLanguage\":\"en-US\",\"@id\":\"https:\\\/\\\/pavagerobillard.com\\\/en\\\/paving\\\/#primaryimage\",\"url\":\"https:\\\/\\\/pavagerobillard.com\\\/wp-content\\\/uploads\\\/2025\\\/04\\\/egor-myznik-oHlegbNb8lc-unsplash-e1744400666415.jpg\",\"contentUrl\":\"https:\\\/\\\/pavagerobillard.com\\\/wp-content\\\/uploads\\\/2025\\\/04\\\/egor-myznik-oHlegbNb8lc-unsplash-e1744400666415.jpg\"},{\"@type\":\"BreadcrumbList\",\"@id\":\"https:\\\/\\\/pavagerobillard.com\\\/en\\\/paving\\\/#breadcrumb\",\"itemListElement\":[{\"@type\":\"ListItem\",\"position\":1,\"name\":\"Home\",\"item\":\"https:\\\/\\\/pavagerobillard.com\\\/en\\\/\"},{\"@type\":\"ListItem\",\"position\":2,\"name\":\"Paving: Quality and durability come first\"}]},{\"@type\":\"WebSite\",\"@id\":\"https:\\\/\\\/pavagerobillard.com\\\/en\\\/#website\",\"url\":\"https:\\\/\\\/pavagerobillard.com\\\/en\\\/\",\"name\":\"Pavage Robillard\",\"description\":\"Asphalte, Pav\u00e9 Uni et D\u00e9neigement \u00e0 Gatineau\",\"publisher\":{\"@id\":\"https:\\\/\\\/pavagerobillard.com\\\/en\\\/#organization\"},\"potentialAction\":[{\"@type\":\"SearchAction\",\"target\":{\"@type\":\"EntryPoint\",\"urlTemplate\":\"https:\\\/\\\/pavagerobillard.com\\\/en\\\/?s={search_term_string}\"},\"query-input\":{\"@type\":\"PropertyValueSpecification\",\"valueRequired\":true,\"valueName\":\"search_term_string\"}}],\"inLanguage\":\"en-US\"},{\"@type\":\"Organization\",\"@id\":\"https:\\\/\\\/pavagerobillard.com\\\/en\\\/#organization\",\"name\":\"Pavage Robillard\",\"url\":\"https:\\\/\\\/pavagerobillard.com\\\/en\\\/\",\"logo\":{\"@type\":\"ImageObject\",\"inLanguage\":\"en-US\",\"@id\":\"https:\\\/\\\/pavagerobillard.com\\\/en\\\/#\\\/schema\\\/logo\\\/image\\\/\",\"url\":\"https:\\\/\\\/pavagerobillard.com\\\/wp-content\\\/uploads\\\/2025\\\/05\\\/Pavage-Robiilard-Sans-nom-Logo.png\",\"contentUrl\":\"https:\\\/\\\/pavagerobillard.com\\\/wp-content\\\/uploads\\\/2025\\\/05\\\/Pavage-Robiilard-Sans-nom-Logo.png\",\"width\":1200,\"height\":1200,\"caption\":\"Pavage Robillard\"},\"image\":{\"@id\":\"https:\\\/\\\/pavagerobillard.com\\\/en\\\/#\\\/schema\\\/logo\\\/image\\\/\"},\"sameAs\":[\"https:\\\/\\\/www.facebook.com\\\/profile.php?id=100063689314747\"]}]}<\/script>\n<!-- \/ Yoast SEO Premium plugin. -->","yoast_head_json":{"title":"Paving Gatineau | Residential and commercial | Pavage Robillard","description":"Paving services in Gatineau and the Outaouais for residential, commercial and municipal projects. Durable work and free quotes.","robots":{"index":"index","follow":"follow","max-snippet":"max-snippet:-1","max-image-preview":"max-image-preview:large","max-video-preview":"max-video-preview:-1"},"canonical":"https:\/\/pavagerobillard.com\/en\/paving\/","og_locale":"en_US","og_type":"article","og_title":"Paving Gatineau | Residential and commercial | Pavage Robillard","og_description":"Paving services in Gatineau and the Outaouais for residential, commercial and municipal projects.","og_url":"https:\/\/pavagerobillard.com\/en\/paving\/","og_site_name":"Pavage Robillard","article_publisher":"https:\/\/www.facebook.com\/profile.php?id=100063689314747","article_modified_time":"2026-03-21T18:09:54+00:00","og_image":[{"url":"https:\/\/pavagerobillard.com\/wp-content\/uploads\/2025\/04\/egor-myznik-oHlegbNb8lc-unsplash-e1744400666415.jpg","type":"","width":"","height":""}],"twitter_card":"summary_large_image","twitter_title":"Paving: Quality and durability come first","twitter_misc":{"Est. reading time":"2 minutes"},"schema":{"@context":"https:\/\/schema.org","@graph":[{"@type":"WebPage","@id":"https:\/\/pavagerobillard.com\/en\/paving\/","url":"https:\/\/pavagerobillard.com\/en\/paving\/","name":"Paving Gatineau | Residential and commercial | Pavage Robillard","isPartOf":{"@id":"https:\/\/pavagerobillard.com\/en\/#website"},"primaryImageOfPage":{"@id":"https:\/\/pavagerobillard.com\/en\/paving\/#primaryimage"},"image":{"@id":"https:\/\/pavagerobillard.com\/en\/paving\/#primaryimage"},"thumbnailUrl":"https:\/\/pavagerobillard.com\/wp-content\/uploads\/2025\/04\/egor-myznik-oHlegbNb8lc-unsplash-e1744400666415.jpg","datePublished":"2025-03-13T18:03:42+00:00","dateModified":"2026-03-21T18:09:54+00:00","description":"Paving services in Gatineau and the Outaouais for residential, commercial and municipal projects. Durable work and free quotes.","breadcrumb":{"@id":"https:\/\/pavagerobillard.com\/en\/paving\/#breadcrumb"},"inLanguage":"en-US","potentialAction":[{"@type":"ReadAction","target":["https:\/\/pavagerobillard.com\/en\/paving\/"]}]},{"@type":"ImageObject","inLanguage":"en-US","@id":"https:\/\/pavagerobillard.com\/en\/paving\/#primaryimage","url":"https:\/\/pavagerobillard.com\/wp-content\/uploads\/2025\/04\/egor-myznik-oHlegbNb8lc-unsplash-e1744400666415.jpg","contentUrl":"https:\/\/pavagerobillard.com\/wp-content\/uploads\/2025\/04\/egor-myznik-oHlegbNb8lc-unsplash-e1744400666415.jpg"},{"@type":"BreadcrumbList","@id":"https:\/\/pavagerobillard.com\/en\/paving\/#breadcrumb","itemListElement":[{"@type":"ListItem","position":1,"name":"Home","item":"https:\/\/pavagerobillard.com\/en\/"},{"@type":"ListItem","position":2,"name":"Paving: Quality and durability come first"}]},{"@type":"WebSite","@id":"https:\/\/pavagerobillard.com\/en\/#website","url":"https:\/\/pavagerobillard.com\/en\/","name":"Pavage Robillard","description":"Asphalte, Pav\u00e9 Uni et D\u00e9neigement \u00e0 Gatineau","publisher":{"@id":"https:\/\/pavagerobillard.com\/en\/#organization"},"potentialAction":[{"@type":"SearchAction","target":{"@type":"EntryPoint","urlTemplate":"https:\/\/pavagerobillard.com\/en\/?s={search_term_string}"},"query-input":{"@type":"PropertyValueSpecification","valueRequired":true,"valueName":"search_term_string"}}],"inLanguage":"en-US"},{"@type":"Organization","@id":"https:\/\/pavagerobillard.com\/en\/#organization","name":"Pavage Robillard","url":"https:\/\/pavagerobillard.com\/en\/","logo":{"@type":"ImageObject","inLanguage":"en-US","@id":"https:\/\/pavagerobillard.com\/en\/#\/schema\/logo\/image\/","url":"https:\/\/pavagerobillard.com\/wp-content\/uploads\/2025\/05\/Pavage-Robiilard-Sans-nom-Logo.png","contentUrl":"https:\/\/pavagerobillard.com\/wp-content\/uploads\/2025\/05\/Pavage-Robiilard-Sans-nom-Logo.png","width":1200,"height":1200,"caption":"Pavage Robillard"},"image":{"@id":"https:\/\/pavagerobillard.com\/en\/#\/schema\/logo\/image\/"},"sameAs":["https:\/\/www.facebook.com\/profile.php?id=100063689314747"]}]}},"uagb_featured_image_src":{"full":false,"thumbnail":false,"medium":false,"medium_large":false,"large":false,"1536x1536":false,"2048x2048":false,"gform-image-choice-sm":false,"gform-image-choice-md":false,"gform-image-choice-lg":false},"uagb_author_info":{"display_name":"Oliver Efremov","author_link":"https:\/\/pavagerobillard.com\/en\/author\/oliver\/"},"uagb_comment_info":0,"uagb_excerpt":"Paving is much more than just an asphalt surface: it&#8217;s an investment in the durability and aesthetics of your outdoor [&hellip;]","_links":{"self":[{"href":"https:\/\/pavagerobillard.com\/en\/wp-json\/wp\/v2\/pages\/459","targetHints":{"allow":["GET"]}}],"collection":[{"href":"https:\/\/pavagerobillard.com\/en\/wp-json\/wp\/v2\/pages"}],"about":[{"href":"https:\/\/pavagerobillard.com\/en\/wp-json\/wp\/v2\/types\/page"}],"author":[{"embeddable":true,"href":"https:\/\/pavagerobillard.com\/en\/wp-json\/wp\/v2\/users\/2"}],"replies":[{"embeddable":true,"href":"https:\/\/pavagerobillard.com\/en\/wp-json\/wp\/v2\/comments?post=459"}],"version-history":[{"count":0,"href":"https:\/\/pavagerobillard.com\/en\/wp-json\/wp\/v2\/pages\/459\/revisions"}],"wp:attachment":[{"href":"https:\/\/pavagerobillard.com\/en\/wp-json\/wp\/v2\/media?parent=459"}],"curies":[{"name":"wp","href":"https:\/\/api.w.org\/{rel}","templated":true}]}}