{"id":454,"date":"2025-03-13T13:03:26","date_gmt":"2025-03-13T18:03:26","guid":{"rendered":"https:\/\/pavagerobillard.com\/about-us\/"},"modified":"2025-07-16T15:00:42","modified_gmt":"2025-07-16T20:00:42","slug":"about-us","status":"publish","type":"page","link":"https:\/\/pavagerobillard.com\/en\/about-us\/","title":{"rendered":"About us"},"content":{"rendered":"\t\t<div data-elementor-type=\"wp-page\" data-elementor-id=\"454\" class=\"elementor elementor-454 elementor-63\">\n\t\t\t\t<div class=\"elementor-element elementor-element-bf3f5e2 e-flex e-con-boxed e-con e-parent\" data-id=\"bf3f5e2\" data-element_type=\"container\" data-e-type=\"container\" data-settings=\"{&quot;background_background&quot;:&quot;classic&quot;,&quot;shape_divider_top&quot;:&quot;tilt&quot;,&quot;shape_divider_bottom&quot;:&quot;tilt&quot;}\">\n\t\t\t\t\t<div class=\"e-con-inner\">\n\t\t\t\t<div class=\"elementor-shape elementor-shape-top\" aria-hidden=\"true\" data-negative=\"false\">\n\t\t\t<svg xmlns=\"http:\/\/www.w3.org\/2000\/svg\" viewBox=\"0 0 1000 100\" preserveAspectRatio=\"none\">\n\t<path class=\"elementor-shape-fill\" d=\"M0,6V0h1000v100L0,6z\"\/>\n<\/svg>\t\t<\/div>\n\t\t\t\t<div class=\"elementor-shape elementor-shape-bottom\" aria-hidden=\"true\" data-negative=\"false\">\n\t\t\t<svg xmlns=\"http:\/\/www.w3.org\/2000\/svg\" viewBox=\"0 0 1000 100\" preserveAspectRatio=\"none\">\n\t<path class=\"elementor-shape-fill\" d=\"M0,6V0h1000v100L0,6z\"\/>\n<\/svg>\t\t<\/div>\n\t\t\t\t<div class=\"elementor-element elementor-element-2e72a74 elementor-widget elementor-widget-text-editor\" data-id=\"2e72a74\" data-element_type=\"widget\" data-e-type=\"widget\" data-widget_type=\"text-editor.default\">\n\t\t\t\t<div class=\"elementor-widget-container\">\n\t\t\t\t\t\t\t\t\t<p>Our company is much more than just a paving service provider in Gatineau: it&#8217;s a story of passion and dedication since 1995. Backed by our experience and commitment to customer satisfaction, we&#8217;ve built a trusted reputation in the region. Every project we undertake is an opportunity to demonstrate our expertise and attention to detail.<\/p>\t\t\t\t\t\t\t\t<\/div>\n\t\t\t\t<\/div>\n\t\t\t\t\t<\/div>\n\t\t\t\t<\/div>\n\t\t<div class=\"elementor-element elementor-element-c1ce33a e-flex e-con-boxed e-con e-parent\" data-id=\"c1ce33a\" data-element_type=\"container\" data-e-type=\"container\" data-settings=\"{&quot;background_background&quot;:&quot;classic&quot;,&quot;shape_divider_bottom&quot;:&quot;tilt&quot;}\">\n\t\t\t\t\t<div class=\"e-con-inner\">\n\t\t\t\t<div class=\"elementor-shape elementor-shape-bottom\" aria-hidden=\"true\" data-negative=\"false\">\n\t\t\t<svg xmlns=\"http:\/\/www.w3.org\/2000\/svg\" viewBox=\"0 0 1000 100\" preserveAspectRatio=\"none\">\n\t<path class=\"elementor-shape-fill\" d=\"M0,6V0h1000v100L0,6z\"\/>\n<\/svg>\t\t<\/div>\n\t\t<div class=\"elementor-element elementor-element-3492369 e-con-full e-flex e-con e-child\" data-id=\"3492369\" data-element_type=\"container\" data-e-type=\"container\">\n\t\t\t\t<div class=\"elementor-element elementor-element-26c7700 elementor-widget elementor-widget-image\" data-id=\"26c7700\" data-element_type=\"widget\" data-e-type=\"widget\" data-widget_type=\"image.default\">\n\t\t\t\t<div class=\"elementor-widget-container\">\n\t\t\t\t\t\t\t\t\t\t\t\t<figure class=\"wp-caption\">\n\t\t\t\t\t\t\t\t\t\t<img fetchpriority=\"high\" decoding=\"async\" width=\"2000\" height=\"1124\" src=\"https:\/\/pavagerobillard.com\/wp-content\/uploads\/2025\/04\/P1136243.webp\" class=\"attachment-full size-full wp-image-408\" alt=\"\" srcset=\"https:\/\/pavagerobillard.com\/wp-content\/uploads\/2025\/04\/P1136243.webp 2000w, https:\/\/pavagerobillard.com\/wp-content\/uploads\/2025\/04\/P1136243-300x169.webp 300w, https:\/\/pavagerobillard.com\/wp-content\/uploads\/2025\/04\/P1136243-1024x575.webp 1024w, https:\/\/pavagerobillard.com\/wp-content\/uploads\/2025\/04\/P1136243-768x432.webp 768w, https:\/\/pavagerobillard.com\/wp-content\/uploads\/2025\/04\/P1136243-1536x863.webp 1536w\" sizes=\"(max-width: 2000px) 100vw, 2000px\" \/>\t\t\t\t\t\t\t\t\t\t\t<figcaption class=\"widget-image-caption wp-caption-text\">Richard Robillard, owner since 1995<\/figcaption>\n\t\t\t\t\t\t\t\t\t\t<\/figure>\n\t\t\t\t\t\t\t\t\t<\/div>\n\t\t\t\t<\/div>\n\t\t\t\t<\/div>\n\t\t<div class=\"elementor-element elementor-element-38d411e e-con-full e-flex e-con e-child\" data-id=\"38d411e\" data-element_type=\"container\" data-e-type=\"container\">\n\t\t\t\t<div class=\"elementor-element elementor-element-f57233a elementor-widget elementor-widget-text-editor\" data-id=\"f57233a\" data-element_type=\"widget\" data-e-type=\"widget\" data-widget_type=\"text-editor.default\">\n\t\t\t\t<div class=\"elementor-widget-container\">\n\t\t\t\t\t\t\t\t\t<p>We firmly believe that every customer deserves personalized service, tailored to their needs and budget.<\/p><p>That&#8217;s why we take the time to analyze each project in depth to propose the best solutions, whether for a private residence, a business or a municipal project.<\/p>\t\t\t\t\t\t\t\t<\/div>\n\t\t\t\t<\/div>\n\t\t\t\t<\/div>\n\t\t\t\t\t<\/div>\n\t\t\t\t<\/div>\n\t\t<div class=\"elementor-element elementor-element-e580f6f e-flex e-con-boxed e-con e-parent\" data-id=\"e580f6f\" data-element_type=\"container\" data-e-type=\"container\" data-settings=\"{&quot;background_background&quot;:&quot;classic&quot;}\">\n\t\t\t\t\t<div class=\"e-con-inner\">\n\t\t<div class=\"elementor-element elementor-element-5d96b91 e-con-full e-flex e-con e-child\" data-id=\"5d96b91\" data-element_type=\"container\" data-e-type=\"container\">\n\t\t\t\t<div class=\"elementor-element elementor-element-58bd065 elementor-widget elementor-widget-text-editor\" data-id=\"58bd065\" data-element_type=\"widget\" data-e-type=\"widget\" data-widget_type=\"text-editor.default\">\n\t\t\t\t<div class=\"elementor-widget-container\">\n\t\t\t\t\t\t\t\t\t<p>Our team of qualified professionals does everything in its power to deliver impeccable work, combining aesthetics and durability. Whether for complete paving, repairs or landscaping, we are proud to contribute to the improvement of our customers&#8217; infrastructure and living environment.<\/p>\t\t\t\t\t\t\t\t<\/div>\n\t\t\t\t<\/div>\n\t\t\t\t<\/div>\n\t\t<div class=\"elementor-element elementor-element-c225bd8 e-con-full e-flex e-con e-child\" data-id=\"c225bd8\" data-element_type=\"container\" data-e-type=\"container\">\n\t\t\t\t<div class=\"elementor-element elementor-element-70802b9 uael-img-grid__column-2 uael-img-grid-mobile__column-1 uael-img-grid-tablet__column-3 uael-ins-normal elementor-widget elementor-widget-uael-image-gallery\" data-id=\"70802b9\" data-element_type=\"widget\" data-e-type=\"widget\" data-settings=\"{&quot;gallery_columns&quot;:&quot;2&quot;,&quot;gallery_columns_mobile&quot;:&quot;1&quot;,&quot;gallery_columns_tablet&quot;:&quot;3&quot;,&quot;column_gap&quot;:{&quot;unit&quot;:&quot;px&quot;,&quot;size&quot;:20,&quot;sizes&quot;:[]},&quot;column_gap_tablet&quot;:{&quot;unit&quot;:&quot;px&quot;,&quot;size&quot;:&quot;&quot;,&quot;sizes&quot;:[]},&quot;column_gap_mobile&quot;:{&quot;unit&quot;:&quot;px&quot;,&quot;size&quot;:&quot;&quot;,&quot;sizes&quot;:[]},&quot;row_gap&quot;:{&quot;unit&quot;:&quot;px&quot;,&quot;size&quot;:20,&quot;sizes&quot;:[]},&quot;row_gap_tablet&quot;:{&quot;unit&quot;:&quot;px&quot;,&quot;size&quot;:&quot;&quot;,&quot;sizes&quot;:[]},&quot;row_gap_mobile&quot;:{&quot;unit&quot;:&quot;px&quot;,&quot;size&quot;:&quot;&quot;,&quot;sizes&quot;:[]},&quot;images_valign&quot;:&quot;flex-start&quot;}\" data-widget_type=\"uael-image-gallery.default\">\n\t\t\t\t<div class=\"elementor-widget-container\">\n\t\t\t\t\t<div class=\"uael-gallery-parent uael-caption- uael-gallery-unjustified\"><div class=\"uael-img-gallery-wrap uael-img-grid-wrap uael-img-grid-masonry-wrap\" data-filter-default=\"All\"><div class=\"uael-grid-item  uael-img-gallery-item-1\"><div class=\"uael-grid-item-content\"><figure class=\"uael-grid-img uael-grid-gallery-img uael-ins-hover elementor-clickable\"><div class=\"uael-grid-img-thumbnail uael-ins-target\"><img decoding=\"async\" src=\"https:\/\/pavagerobillard.com\/wp-content\/uploads\/elementor\/thumbs\/1_DJI_0412.MP4.00_00_00_00.Still001_1-r6kn6animgfqz0btlnf8rppze0xdoqyknx10m37hko.webp\" title=\"1_DJI_0412.MP4.00_00_00_00.Still001_1\" alt=\"1_DJI_0412.MP4.00_00_00_00.Still001_1\" loading=\"lazy\" \/><\/div><div class=\"uael-grid-img-overlay\"><\/div><\/figure><\/div><\/div><div class=\"uael-grid-item  uael-img-gallery-item-2\"><div class=\"uael-grid-item-content\"><figure class=\"uael-grid-img uael-grid-gallery-img uael-ins-hover elementor-clickable\"><div class=\"uael-grid-img-thumbnail uael-ins-target\"><img decoding=\"async\" src=\"https:\/\/pavagerobillard.com\/wp-content\/uploads\/elementor\/thumbs\/22_DJI_0423.MP4.00_04_59_26-r6kn6blctah1amagg5tvc7hfzesqwg2b01oi3d63eg.webp\" title=\"22_DJI_0423.MP4.00_04_59_26\" alt=\"R\u00e9alisation de pavage vue a\u00e9rienne - projet 3\" loading=\"lazy\" \/><\/div><div class=\"uael-grid-img-overlay\"><\/div><\/figure><\/div><\/div><\/div><\/div>\t\t\t\t<\/div>\n\t\t\t\t<\/div>\n\t\t\t\t<\/div>\n\t\t\t\t\t<\/div>\n\t\t\t\t<\/div>\n\t\t\t\t<\/div>\n\t\t","protected":false},"excerpt":{"rendered":"<p>Our company is much more than just a paving service provider in Gatineau: it&#8217;s a story of passion and dedication [&hellip;]<\/p>\n","protected":false},"author":2,"featured_media":0,"parent":0,"menu_order":0,"comment_status":"closed","ping_status":"closed","template":"","meta":{"_uag_custom_page_level_css":"","site-sidebar-layout":"no-sidebar","site-content-layout":"","ast-site-content-layout":"full-width-container","site-content-style":"default","site-sidebar-style":"default","ast-global-header-display":"","ast-banner-title-visibility":"","ast-main-header-display":"","ast-hfb-above-header-display":"","ast-hfb-below-header-display":"","ast-hfb-mobile-header-display":"","site-post-title":"disabled","ast-breadcrumbs-content":"","ast-featured-img":"disabled","footer-sml-layout":"","ast-disable-related-posts":"","theme-transparent-header-meta":"","adv-header-id-meta":"","stick-header-meta":"","header-above-stick-meta":"","header-main-stick-meta":"","header-below-stick-meta":"","astra-migrate-meta-layouts":"default","ast-page-background-enabled":"default","ast-page-background-meta":{"desktop":{"background-color":"var(--ast-global-color-5)","background-image":"","background-repeat":"repeat","background-position":"center center","background-size":"auto","background-attachment":"scroll","background-type":"","background-media":"","overlay-type":"","overlay-color":"","overlay-opacity":"","overlay-gradient":""},"tablet":{"background-color":"","background-image":"","background-repeat":"repeat","background-position":"center center","background-size":"auto","background-attachment":"scroll","background-type":"","background-media":"","overlay-type":"","overlay-color":"","overlay-opacity":"","overlay-gradient":""},"mobile":{"background-color":"","background-image":"","background-repeat":"repeat","background-position":"center center","background-size":"auto","background-attachment":"scroll","background-type":"","background-media":"","overlay-type":"","overlay-color":"","overlay-opacity":"","overlay-gradient":""}},"ast-content-background-meta":{"desktop":{"background-color":"var(--ast-global-color-4)","background-image":"","background-repeat":"repeat","background-position":"center center","background-size":"auto","background-attachment":"scroll","background-type":"","background-media":"","overlay-type":"","overlay-color":"","overlay-opacity":"","overlay-gradient":""},"tablet":{"background-color":"var(--ast-global-color-4)","background-image":"","background-repeat":"repeat","background-position":"center center","background-size":"auto","background-attachment":"scroll","background-type":"","background-media":"","overlay-type":"","overlay-color":"","overlay-opacity":"","overlay-gradient":""},"mobile":{"background-color":"var(--ast-global-color-4)","background-image":"","background-repeat":"repeat","background-position":"center center","background-size":"auto","background-attachment":"scroll","background-type":"","background-media":"","overlay-type":"","overlay-color":"","overlay-opacity":"","overlay-gradient":""}},"footnotes":""},"class_list":["post-454","page","type-page","status-publish","hentry"],"yoast_head":"<!-- This site is optimized with the Yoast SEO Premium plugin v27.4 (Yoast SEO v27.4) - https:\/\/yoast.com\/product\/yoast-seo-premium-wordpress\/ -->\n<title>About Pavage Robillard | Our Story &amp; Values<\/title>\n<meta name=\"description\" content=\"Learn about Pavage Robillard, our paving expertise, values, and commitment to quality service for every project across Gatineau.\" \/>\n<meta name=\"robots\" content=\"index, follow, max-snippet:-1, max-image-preview:large, max-video-preview:-1\" \/>\n<link rel=\"canonical\" href=\"https:\/\/pavagerobillard.com\/en\/about-us\/\" \/>\n<meta property=\"og:locale\" content=\"en_US\" \/>\n<meta property=\"og:type\" content=\"article\" \/>\n<meta property=\"og:title\" content=\"About us\" \/>\n<meta property=\"og:description\" content=\"Learn about Pavage Robillard, our paving expertise, values, and commitment to quality service for every project across Gatineau.\" \/>\n<meta property=\"og:url\" content=\"https:\/\/pavagerobillard.com\/en\/about-us\/\" \/>\n<meta property=\"og:site_name\" content=\"Pavage Robillard\" \/>\n<meta property=\"article:publisher\" content=\"https:\/\/www.facebook.com\/profile.php?id=100063689314747\" \/>\n<meta property=\"article:modified_time\" content=\"2025-07-16T20:00:42+00:00\" \/>\n<meta property=\"og:image\" content=\"https:\/\/pavagerobillard.com\/wp-content\/uploads\/2025\/04\/P1136243.webp\" \/>\n<meta name=\"twitter:card\" content=\"summary_large_image\" \/>\n<meta name=\"twitter:label1\" content=\"Est. reading time\" \/>\n\t<meta name=\"twitter:data1\" content=\"2 minutes\" \/>\n<script type=\"application\/ld+json\" class=\"yoast-schema-graph\">{\"@context\":\"https:\\\/\\\/schema.org\",\"@graph\":[{\"@type\":\"WebPage\",\"@id\":\"https:\\\/\\\/pavagerobillard.com\\\/en\\\/about-us\\\/\",\"url\":\"https:\\\/\\\/pavagerobillard.com\\\/en\\\/about-us\\\/\",\"name\":\"About Pavage Robillard | Our Story & Values\",\"isPartOf\":{\"@id\":\"https:\\\/\\\/pavagerobillard.com\\\/en\\\/#website\"},\"primaryImageOfPage\":{\"@id\":\"https:\\\/\\\/pavagerobillard.com\\\/en\\\/about-us\\\/#primaryimage\"},\"image\":{\"@id\":\"https:\\\/\\\/pavagerobillard.com\\\/en\\\/about-us\\\/#primaryimage\"},\"thumbnailUrl\":\"https:\\\/\\\/pavagerobillard.com\\\/wp-content\\\/uploads\\\/2025\\\/04\\\/P1136243.webp\",\"datePublished\":\"2025-03-13T18:03:26+00:00\",\"dateModified\":\"2025-07-16T20:00:42+00:00\",\"description\":\"Learn about Pavage Robillard, our paving expertise, values, and commitment to quality service for every project across Gatineau.\",\"breadcrumb\":{\"@id\":\"https:\\\/\\\/pavagerobillard.com\\\/en\\\/about-us\\\/#breadcrumb\"},\"inLanguage\":\"en-US\",\"potentialAction\":[{\"@type\":\"ReadAction\",\"target\":[\"https:\\\/\\\/pavagerobillard.com\\\/en\\\/about-us\\\/\"]}]},{\"@type\":\"ImageObject\",\"inLanguage\":\"en-US\",\"@id\":\"https:\\\/\\\/pavagerobillard.com\\\/en\\\/about-us\\\/#primaryimage\",\"url\":\"https:\\\/\\\/pavagerobillard.com\\\/wp-content\\\/uploads\\\/2025\\\/04\\\/P1136243.webp\",\"contentUrl\":\"https:\\\/\\\/pavagerobillard.com\\\/wp-content\\\/uploads\\\/2025\\\/04\\\/P1136243.webp\"},{\"@type\":\"BreadcrumbList\",\"@id\":\"https:\\\/\\\/pavagerobillard.com\\\/en\\\/about-us\\\/#breadcrumb\",\"itemListElement\":[{\"@type\":\"ListItem\",\"position\":1,\"name\":\"Home\",\"item\":\"https:\\\/\\\/pavagerobillard.com\\\/en\\\/\"},{\"@type\":\"ListItem\",\"position\":2,\"name\":\"About us\"}]},{\"@type\":\"WebSite\",\"@id\":\"https:\\\/\\\/pavagerobillard.com\\\/en\\\/#website\",\"url\":\"https:\\\/\\\/pavagerobillard.com\\\/en\\\/\",\"name\":\"Pavage Robillard\",\"description\":\"Asphalte, Pav\u00e9 Uni et D\u00e9neigement \u00e0 Gatineau\",\"publisher\":{\"@id\":\"https:\\\/\\\/pavagerobillard.com\\\/en\\\/#organization\"},\"potentialAction\":[{\"@type\":\"SearchAction\",\"target\":{\"@type\":\"EntryPoint\",\"urlTemplate\":\"https:\\\/\\\/pavagerobillard.com\\\/en\\\/?s={search_term_string}\"},\"query-input\":{\"@type\":\"PropertyValueSpecification\",\"valueRequired\":true,\"valueName\":\"search_term_string\"}}],\"inLanguage\":\"en-US\"},{\"@type\":\"Organization\",\"@id\":\"https:\\\/\\\/pavagerobillard.com\\\/en\\\/#organization\",\"name\":\"Pavage Robillard\",\"url\":\"https:\\\/\\\/pavagerobillard.com\\\/en\\\/\",\"logo\":{\"@type\":\"ImageObject\",\"inLanguage\":\"en-US\",\"@id\":\"https:\\\/\\\/pavagerobillard.com\\\/en\\\/#\\\/schema\\\/logo\\\/image\\\/\",\"url\":\"https:\\\/\\\/pavagerobillard.com\\\/wp-content\\\/uploads\\\/2025\\\/05\\\/Pavage-Robiilard-Sans-nom-Logo.png\",\"contentUrl\":\"https:\\\/\\\/pavagerobillard.com\\\/wp-content\\\/uploads\\\/2025\\\/05\\\/Pavage-Robiilard-Sans-nom-Logo.png\",\"width\":1200,\"height\":1200,\"caption\":\"Pavage Robillard\"},\"image\":{\"@id\":\"https:\\\/\\\/pavagerobillard.com\\\/en\\\/#\\\/schema\\\/logo\\\/image\\\/\"},\"sameAs\":[\"https:\\\/\\\/www.facebook.com\\\/profile.php?id=100063689314747\"]}]}<\/script>\n<!-- \/ Yoast SEO Premium plugin. -->","yoast_head_json":{"title":"About Pavage Robillard | Our Story & Values","description":"Learn about Pavage Robillard, our paving expertise, values, and commitment to quality service for every project across Gatineau.","robots":{"index":"index","follow":"follow","max-snippet":"max-snippet:-1","max-image-preview":"max-image-preview:large","max-video-preview":"max-video-preview:-1"},"canonical":"https:\/\/pavagerobillard.com\/en\/about-us\/","og_locale":"en_US","og_type":"article","og_title":"About us","og_description":"Learn about Pavage Robillard, our paving expertise, values, and commitment to quality service for every project across Gatineau.","og_url":"https:\/\/pavagerobillard.com\/en\/about-us\/","og_site_name":"Pavage Robillard","article_publisher":"https:\/\/www.facebook.com\/profile.php?id=100063689314747","article_modified_time":"2025-07-16T20:00:42+00:00","og_image":[{"url":"https:\/\/pavagerobillard.com\/wp-content\/uploads\/2025\/04\/P1136243.webp","type":"","width":"","height":""}],"twitter_card":"summary_large_image","twitter_misc":{"Est. reading time":"2 minutes"},"schema":{"@context":"https:\/\/schema.org","@graph":[{"@type":"WebPage","@id":"https:\/\/pavagerobillard.com\/en\/about-us\/","url":"https:\/\/pavagerobillard.com\/en\/about-us\/","name":"About Pavage Robillard | Our Story & Values","isPartOf":{"@id":"https:\/\/pavagerobillard.com\/en\/#website"},"primaryImageOfPage":{"@id":"https:\/\/pavagerobillard.com\/en\/about-us\/#primaryimage"},"image":{"@id":"https:\/\/pavagerobillard.com\/en\/about-us\/#primaryimage"},"thumbnailUrl":"https:\/\/pavagerobillard.com\/wp-content\/uploads\/2025\/04\/P1136243.webp","datePublished":"2025-03-13T18:03:26+00:00","dateModified":"2025-07-16T20:00:42+00:00","description":"Learn about Pavage Robillard, our paving expertise, values, and commitment to quality service for every project across Gatineau.","breadcrumb":{"@id":"https:\/\/pavagerobillard.com\/en\/about-us\/#breadcrumb"},"inLanguage":"en-US","potentialAction":[{"@type":"ReadAction","target":["https:\/\/pavagerobillard.com\/en\/about-us\/"]}]},{"@type":"ImageObject","inLanguage":"en-US","@id":"https:\/\/pavagerobillard.com\/en\/about-us\/#primaryimage","url":"https:\/\/pavagerobillard.com\/wp-content\/uploads\/2025\/04\/P1136243.webp","contentUrl":"https:\/\/pavagerobillard.com\/wp-content\/uploads\/2025\/04\/P1136243.webp"},{"@type":"BreadcrumbList","@id":"https:\/\/pavagerobillard.com\/en\/about-us\/#breadcrumb","itemListElement":[{"@type":"ListItem","position":1,"name":"Home","item":"https:\/\/pavagerobillard.com\/en\/"},{"@type":"ListItem","position":2,"name":"About us"}]},{"@type":"WebSite","@id":"https:\/\/pavagerobillard.com\/en\/#website","url":"https:\/\/pavagerobillard.com\/en\/","name":"Pavage Robillard","description":"Asphalte, Pav\u00e9 Uni et D\u00e9neigement \u00e0 Gatineau","publisher":{"@id":"https:\/\/pavagerobillard.com\/en\/#organization"},"potentialAction":[{"@type":"SearchAction","target":{"@type":"EntryPoint","urlTemplate":"https:\/\/pavagerobillard.com\/en\/?s={search_term_string}"},"query-input":{"@type":"PropertyValueSpecification","valueRequired":true,"valueName":"search_term_string"}}],"inLanguage":"en-US"},{"@type":"Organization","@id":"https:\/\/pavagerobillard.com\/en\/#organization","name":"Pavage Robillard","url":"https:\/\/pavagerobillard.com\/en\/","logo":{"@type":"ImageObject","inLanguage":"en-US","@id":"https:\/\/pavagerobillard.com\/en\/#\/schema\/logo\/image\/","url":"https:\/\/pavagerobillard.com\/wp-content\/uploads\/2025\/05\/Pavage-Robiilard-Sans-nom-Logo.png","contentUrl":"https:\/\/pavagerobillard.com\/wp-content\/uploads\/2025\/05\/Pavage-Robiilard-Sans-nom-Logo.png","width":1200,"height":1200,"caption":"Pavage Robillard"},"image":{"@id":"https:\/\/pavagerobillard.com\/en\/#\/schema\/logo\/image\/"},"sameAs":["https:\/\/www.facebook.com\/profile.php?id=100063689314747"]}]}},"uagb_featured_image_src":{"full":false,"thumbnail":false,"medium":false,"medium_large":false,"large":false,"1536x1536":false,"2048x2048":false,"gform-image-choice-sm":false,"gform-image-choice-md":false,"gform-image-choice-lg":false},"uagb_author_info":{"display_name":"Oliver Efremov","author_link":"https:\/\/pavagerobillard.com\/en\/author\/oliver\/"},"uagb_comment_info":0,"uagb_excerpt":"Our company is much more than just a paving service provider in Gatineau: it&#8217;s a story of passion and dedication [&hellip;]","_links":{"self":[{"href":"https:\/\/pavagerobillard.com\/en\/wp-json\/wp\/v2\/pages\/454","targetHints":{"allow":["GET"]}}],"collection":[{"href":"https:\/\/pavagerobillard.com\/en\/wp-json\/wp\/v2\/pages"}],"about":[{"href":"https:\/\/pavagerobillard.com\/en\/wp-json\/wp\/v2\/types\/page"}],"author":[{"embeddable":true,"href":"https:\/\/pavagerobillard.com\/en\/wp-json\/wp\/v2\/users\/2"}],"replies":[{"embeddable":true,"href":"https:\/\/pavagerobillard.com\/en\/wp-json\/wp\/v2\/comments?post=454"}],"version-history":[{"count":0,"href":"https:\/\/pavagerobillard.com\/en\/wp-json\/wp\/v2\/pages\/454\/revisions"}],"wp:attachment":[{"href":"https:\/\/pavagerobillard.com\/en\/wp-json\/wp\/v2\/media?parent=454"}],"curies":[{"name":"wp","href":"https:\/\/api.w.org\/{rel}","templated":true}]}}